{"id":47609,"date":"2025-01-12T18:50:21","date_gmt":"2025-01-12T18:50:21","guid":{"rendered":"https:\/\/www.horecaexpodz.com\/%d8%b9%d8%a8%d9%91%d8%b1-%d8%b9%d9%86-%d8%a7%d9%87%d8%aa%d9%85%d8%a7%d9%85%d9%83\/"},"modified":"2026-03-19T16:13:46","modified_gmt":"2026-03-19T16:13:46","slug":"%d8%b9%d8%a8%d9%91%d8%b1-%d8%b9%d9%86-%d8%a7%d9%87%d8%aa%d9%85%d8%a7%d9%85%d9%83","status":"publish","type":"page","link":"https:\/\/www.horecaexpodz.com\/ar\/%d8%b9%d8%a8%d9%91%d8%b1-%d8%b9%d9%86-%d8%a7%d9%87%d8%aa%d9%85%d8%a7%d9%85%d9%83\/","title":{"rendered":"\u0639\u0628\u0651\u0631 \u0639\u0646 \u0627\u0647\u062a\u0645\u0627\u0645\u0643"},"content":{"rendered":"\t\t<div data-elementor-type=\"wp-page\" data-elementor-id=\"47609\" class=\"elementor elementor-47609 elementor-1641\" data-elementor-post-type=\"page\">\n\t\t\t\t\t\t<section class=\"elementor-section elementor-top-section elementor-element elementor-element-b556a17 elementor-section-full_width elementor-section-height-default elementor-section-height-default\" data-id=\"b556a17\" data-element_type=\"section\">\n\t\t\t\t\t\t<div class=\"elementor-container elementor-column-gap-default\">\n\t\t\t\t\t<div class=\"elementor-column elementor-col-100 elementor-top-column elementor-element elementor-element-ca0ea4b\" data-id=\"ca0ea4b\" data-element_type=\"column\">\n\t\t\t<div class=\"elementor-widget-wrap elementor-element-populated\">\n\t\t\t\t\t\t<section class=\"elementor-section elementor-inner-section elementor-element elementor-element-8abea9e elementor-section-full_width elementor-section-height-default elementor-section-height-default\" data-id=\"8abea9e\" data-element_type=\"section\">\n\t\t\t\t\t\t<div class=\"elementor-container elementor-column-gap-default\">\n\t\t\t\t\t<div class=\"elementor-column elementor-col-100 elementor-inner-column elementor-element elementor-element-c4c1350\" data-id=\"c4c1350\" data-element_type=\"column\">\n\t\t\t<div class=\"elementor-widget-wrap elementor-element-populated\">\n\t\t\t\t\t\t<div class=\"elementor-element elementor-element-94484dd elementor-widget elementor-widget-heading\" data-id=\"94484dd\" data-element_type=\"widget\" data-widget_type=\"heading.default\">\n\t\t\t\t<div class=\"elementor-widget-container\">\n\t\t\t\t\t<h1 class=\"elementor-heading-title elementor-size-default\">\u0627\u0645\u0644\u0623 \u0627\u0644\u0646\u0645\u0648\u0630\u062c \u0623\u062f\u0646\u0627\u0647 \u0644\u0644\u0645\u0634\u0627\u0631\u0643\u0629<\/h1>\t\t\t\t<\/div>\n\t\t\t\t<\/div>\n\t\t\t\t<div class=\"elementor-element elementor-element-e4bde90 elementor-widget elementor-widget-text-editor\" data-id=\"e4bde90\" data-element_type=\"widget\" data-widget_type=\"text-editor.default\">\n\t\t\t\t<div class=\"elementor-widget-container\">\n\t\t\t\t\t\t\t\t\t<p>\u062a\u0648\u0627\u0635\u0644 \u0648\u0623\u0644\u0647\u0645 \u0648\u062a\u0639\u0644\u0645 \u0641\u064a \u0645\u0639\u0631\u0636 \u0647\u0648\u0631\u064a\u0643\u0627 \u0625\u0643\u0633\u0628\u0648 \u0627\u0644\u062c\u0632\u0627\u0626\u0631.<br \/>\u0625\u0630\u0627 \u0643\u0646\u062a \u0645\u0647\u062a\u0645\u064b\u0627 \u0628\u062d\u0636\u0648\u0631 \u0647\u0630\u0627 \u0627\u0644\u062d\u062f\u062b\u060c \u0646\u0646\u0635\u062d\u0643 \u0628\u0627\u0644\u0627\u0634\u062a\u0631\u0627\u0643 \u0641\u064a \u0625\u0634\u0639\u0627\u0631\u0627\u062a \u0627\u0644\u0628\u0631\u064a\u062f \u0627\u0644\u0625\u0644\u0643\u062a\u0631\u0648\u0646\u064a \u0644\u0645\u0639\u0631\u0636 \u0647\u0648\u0631\u064a\u0643\u0627 \u0625\u0643\u0633\u0628\u0648 \u0627\u0644\u062c\u0632\u0627\u0626\u0631 \u0639\u0628\u0631 \u0627\u0644\u0646\u0645\u0648\u0630\u062c \u0623\u062f\u0646\u0627\u0647. \u0633\u0648\u0641 \u064a\u062a\u0644\u0642\u0649 \u0627\u0644\u0645\u0634\u062a\u0631\u0643\u0648\u0646 \u0631\u0633\u0627\u0644\u0629 \u0628\u0631\u064a\u062f \u0625\u0644\u0643\u062a\u0631\u0648\u0646\u064a \u062a\u062f\u0639\u0648\u0647\u0645 \u0644\u0644\u062a\u0633\u062c\u064a\u0644 \u0641\u064a \u0627\u0644\u062d\u062f\u062b \u0628\u0645\u062c\u0631\u062f \u0641\u062a\u062d \u0628\u0627\u0628 \u0627\u0644\u062a\u0633\u062c\u064a\u0644 \u0644\u0644\u0646\u0633\u062e\u0629 \u0627\u0644\u0642\u0627\u062f\u0645\u0629. \u0633\u0646\u0631\u0633\u0644 \u0644\u0643 \u0623\u064a\u0636\u064b\u0627 \u0625\u0639\u0644\u0627\u0646\u0627\u062a \u062c\u062f\u064a\u062f\u0629 \u062a\u062a\u0636\u0645\u0646 \u062a\u062d\u062f\u064a\u062b\u0627\u062a \u0639\u0646 \u0645\u064a\u0632\u0627\u062a \u0627\u0644\u0645\u0639\u0631\u0636 \u0648\u0627\u0644\u0639\u0627\u0631\u0636\u064a\u0646 \u062d\u062a\u0649 \u062a\u062a\u0645\u0643\u0646 \u0645\u0646 \u0627\u0644\u062a\u062e\u0637\u064a\u0637 \u0644\u0632\u064a\u0627\u0631\u062a\u0643 \u0648\u0627\u0644\u062d\u0635\u0648\u0644 \u0639\u0644\u0649 \u0623\u0641\u0636\u0644 \u062a\u062c\u0631\u0628\u0629 \u0645\u0645\u0643\u0646\u0629.<\/p>\t\t\t\t\t\t\t\t<\/div>\n\t\t\t\t<\/div>\n\t\t\t\t<div class=\"elementor-element elementor-element-edc3ef6 elementor-button-align-center elementor-widget elementor-widget-form\" data-id=\"edc3ef6\" data-element_type=\"widget\" data-settings=\"{&quot;step_next_label&quot;:&quot;\\u0627\\u0644\\u062a\\u0627\\u0644\\u064a&quot;,&quot;step_previous_label&quot;:&quot;\\u0627\\u0644\\u0633\\u0627\\u0628\\u0642&quot;,&quot;button_width&quot;:&quot;100&quot;,&quot;step_type&quot;:&quot;number_text&quot;,&quot;step_icon_shape&quot;:&quot;circle&quot;}\" data-widget_type=\"form.default\">\n\t\t\t\t<div class=\"elementor-widget-container\">\n\t\t\t\t\t\t\t<form class=\"elementor-form\" method=\"post\" name=\"\u0633\u062c\u0651\u0644 \u0627\u0647\u062a\u0645\u0627\u0645\u0643\" aria-label=\"\u0633\u062c\u0651\u0644 \u0627\u0647\u062a\u0645\u0627\u0645\u0643\">\n\t\t\t<input type=\"hidden\" name=\"post_id\" value=\"47609\"\/>\n\t\t\t<input type=\"hidden\" name=\"form_id\" value=\"edc3ef6\"\/>\n\t\t\t<input type=\"hidden\" name=\"referer_title\" value=\"\" \/>\n\n\t\t\t\n\t\t\t<div class=\"elementor-form-fields-wrapper elementor-labels-\">\n\t\t\t\t\t\t\t\t<div class=\"elementor-field-type-text elementor-field-group elementor-column elementor-field-group-FirstName elementor-col-100 elementor-field-required\">\n\t\t\t\t\t\t\t\t\t\t\t\t<label for=\"form-field-FirstName\" class=\"elementor-field-label elementor-screen-only\">\n\t\t\t\t\t\t\t\t\u0627\u0644\u0627\u0633\u0645 \u0627\u0644\u0623\u0648\u0644\t\t\t\t\t\t\t<\/label>\n\t\t\t\t\t\t\t\t\t\t\t\t\t\t<input size=\"1\" type=\"text\" name=\"form_fields[FirstName]\" id=\"form-field-FirstName\" class=\"elementor-field elementor-size-sm  elementor-field-textual\" placeholder=\"\u0627\u0644\u0627\u0633\u0645 \u0627\u0644\u0623\u0648\u0644\" required=\"required\">\n\t\t\t\t\t\t\t\t\t\t\t<\/div>\n\t\t\t\t\t\t\t\t<div class=\"elementor-field-type-text elementor-field-group elementor-column elementor-field-group-LastName elementor-col-100 elementor-field-required\">\n\t\t\t\t\t\t\t\t\t\t\t\t<label for=\"form-field-LastName\" class=\"elementor-field-label elementor-screen-only\">\n\t\t\t\t\t\t\t\t \u0627\u0633\u0645 \u0627\u0644\u0639\u0627\u0626\u0644\u0629\t\t\t\t\t\t\t<\/label>\n\t\t\t\t\t\t\t\t\t\t\t\t\t\t<input size=\"1\" type=\"text\" name=\"form_fields[LastName]\" id=\"form-field-LastName\" class=\"elementor-field elementor-size-sm  elementor-field-textual\" placeholder=\" \u0627\u0633\u0645 \u0627\u0644\u0639\u0627\u0626\u0644\u0629\" required=\"required\">\n\t\t\t\t\t\t\t\t\t\t\t<\/div>\n\t\t\t\t\t\t\t\t<div class=\"elementor-field-type-email elementor-field-group elementor-column elementor-field-group-Email elementor-col-100 elementor-field-required\">\n\t\t\t\t\t\t\t\t\t\t\t\t<label for=\"form-field-Email\" class=\"elementor-field-label elementor-screen-only\">\n\t\t\t\t\t\t\t\t\u0627\u0644\u0628\u0631\u064a\u062f \u0627\u0644\u0625\u0644\u0643\u062a\u0631\u0648\u0646\u064a\t\t\t\t\t\t\t<\/label>\n\t\t\t\t\t\t\t\t\t\t\t\t\t\t<input size=\"1\" type=\"email\" name=\"form_fields[Email]\" id=\"form-field-Email\" class=\"elementor-field elementor-size-sm  elementor-field-textual\" placeholder=\"\u0627\u0644\u0628\u0631\u064a\u062f \u0627\u0644\u0625\u0644\u0643\u062a\u0631\u0648\u0646\u064a\" required=\"required\">\n\t\t\t\t\t\t\t\t\t\t\t<\/div>\n\t\t\t\t\t\t\t\t<div class=\"elementor-field-type-text elementor-field-group elementor-column elementor-field-group-Telephone elementor-col-100 elementor-field-required\">\n\t\t\t\t\t\t\t\t\t\t\t\t<label for=\"form-field-Telephone\" class=\"elementor-field-label elementor-screen-only\">\n\t\t\t\t\t\t\t\t \u0627\u0644\u0647\u0627\u062a\u0641\t\t\t\t\t\t\t<\/label>\n\t\t\t\t\t\t\t\t\t\t\t\t\t\t<input size=\"1\" type=\"text\" name=\"form_fields[Telephone]\" id=\"form-field-Telephone\" class=\"elementor-field elementor-size-sm  elementor-field-textual\" placeholder=\" \u0627\u0644\u0647\u0627\u062a\u0641\" required=\"required\">\n\t\t\t\t\t\t\t\t\t\t\t<\/div>\n\t\t\t\t\t\t\t\t<div class=\"elementor-field-type-text elementor-field-group elementor-column elementor-field-group-JobTitle elementor-col-100 elementor-field-required\">\n\t\t\t\t\t\t\t\t\t\t\t\t<label for=\"form-field-JobTitle\" class=\"elementor-field-label elementor-screen-only\">\n\t\t\t\t\t\t\t\t \u0627\u0644\u0645\u0647\u0646\u0629\t\t\t\t\t\t\t<\/label>\n\t\t\t\t\t\t\t\t\t\t\t\t\t\t<input size=\"1\" type=\"text\" name=\"form_fields[JobTitle]\" id=\"form-field-JobTitle\" class=\"elementor-field elementor-size-sm  elementor-field-textual\" placeholder=\" \u0627\u0644\u0645\u0647\u0646\u0629\" required=\"required\">\n\t\t\t\t\t\t\t\t\t\t\t<\/div>\n\t\t\t\t\t\t\t\t<div class=\"elementor-field-type-text elementor-field-group elementor-column elementor-field-group-CompanyName elementor-col-100 elementor-field-required\">\n\t\t\t\t\t\t\t\t\t\t\t\t<label for=\"form-field-CompanyName\" class=\"elementor-field-label elementor-screen-only\">\n\t\t\t\t\t\t\t\t\u0627\u0633\u0645 \u0627\u0644\u0634\u0631\u0643\u0629\t\t\t\t\t\t\t<\/label>\n\t\t\t\t\t\t\t\t\t\t\t\t\t\t<input size=\"1\" type=\"text\" name=\"form_fields[CompanyName]\" id=\"form-field-CompanyName\" class=\"elementor-field elementor-size-sm  elementor-field-textual\" placeholder=\"\u0627\u0633\u0645 \u0627\u0644\u0634\u0631\u0643\u0629\" required=\"required\">\n\t\t\t\t\t\t\t\t\t\t\t<\/div>\n\t\t\t\t\t\t\t\t<div class=\"elementor-field-type-text elementor-field-group elementor-column elementor-field-group-Country_id elementor-col-100 elementor-field-required\">\n\t\t\t\t\t\t\t\t\t\t\t\t<label for=\"form-field-Country_id\" class=\"elementor-field-label elementor-screen-only\">\n\t\t\t\t\t\t\t\t \u0627\u0644\u0628\u0644\u062f\t\t\t\t\t\t\t<\/label>\n\t\t\t\t\t\t\t\t\t\t\t\t\t\t<input size=\"1\" type=\"text\" name=\"form_fields[Country_id]\" id=\"form-field-Country_id\" class=\"elementor-field elementor-size-sm  elementor-field-textual\" placeholder=\" \u0627\u0644\u0628\u0644\u062f\" required=\"required\">\n\t\t\t\t\t\t\t\t\t\t\t<\/div>\n\t\t\t\t\t\t\t\t<div class=\"elementor-field-type-html elementor-field-group elementor-column elementor-field-group-field_dbc8e96 elementor-col-100\">\n\t\t\t\t\tChez Easyfairs, nous prenons votre vie priv\u00e9e au s\u00e9rieux et n'utiliserons les informations que nous recueillons ou recevons \u00e0 votre sujet que conform\u00e9ment \u00e0 notre <a href=\"https:\/\/www.easyfairs.com\/privacy-statement\/?\">privacy policy<\/a>. Si vous changez d'avis, vous pouvez <a href=\"mailto:privacyuk@easyfairs.com\"> vous d\u00e9sinscrire <\/a> \u00e0 tout moment.\t\t\t\t<\/div>\n\t\t\t\t\t\t\t\t<div class=\"elementor-field-type-checkbox elementor-field-group elementor-column elementor-field-group-accept1807 elementor-col-100\">\n\t\t\t\t\t<div class=\"elementor-field-subgroup  \"><span class=\"elementor-field-option\"><input type=\"checkbox\" value=\"\u0623\u0648\u0627\u0641\u0642 \u0639\u0644\u0649 \u0645\u0639\u0627\u0644\u062c\u0629 Easyfairs \u0644\u0628\u064a\u0627\u0646\u0627\u062a\u064a \u0627\u0644\u0634\u062e\u0635\u064a\u0629 \u0648\u0641\u0642\u064b\u0627 \u0644\u0644\u0642\u0627\u0646\u0648\u0646 \u0627\u0644\u062c\u0632\u0627\u0626\u0631\u064a 18-07\" id=\"form-field-accept1807-0\" name=\"form_fields[accept1807]\"> <label for=\"form-field-accept1807-0\">\u0623\u0648\u0627\u0641\u0642 \u0639\u0644\u0649 \u0645\u0639\u0627\u0644\u062c\u0629 Easyfairs \u0644\u0628\u064a\u0627\u0646\u0627\u062a\u064a \u0627\u0644\u0634\u062e\u0635\u064a\u0629 \u0648\u0641\u0642\u064b\u0627 \u0644\u0644\u0642\u0627\u0646\u0648\u0646 \u0627\u0644\u062c\u0632\u0627\u0626\u0631\u064a 18-07<\/label><\/span><\/div>\t\t\t\t<\/div>\n\t\t\t\t\t\t\t\t<div class=\"elementor-field-type-recaptcha_v3 elementor-field-group elementor-column elementor-field-group-field_3e9847a elementor-col-100 recaptcha_v3-inline\">\n\t\t\t\t\t<div class=\"elementor-field\" id=\"form-field-field_3e9847a\"><div class=\"elementor-g-recaptcha\" data-sitekey=\"6LfHjnkaAAAAALQRh55qwfrVn_SVsb_CTjFqe1vT\" data-type=\"v3\" data-action=\"Form\" data-badge=\"inline\" data-size=\"invisible\"><\/div><\/div>\t\t\t\t<\/div>\n\t\t\t\t\t\t\t\t<div class=\"elementor-field-group elementor-column elementor-field-type-submit elementor-col-100 e-form__buttons\">\n\t\t\t\t\t<button class=\"elementor-button elementor-size-sm\" type=\"submit\">\n\t\t\t\t\t\t<span class=\"elementor-button-content-wrapper\">\n\t\t\t\t\t\t\t\t\t\t\t\t\t\t\t<span class=\"elementor-button-icon\">\n\t\t\t\t\t\t\t\t\t<i aria-hidden=\"true\" class=\"far fa-arrow-alt-circle-right\"><\/i>\t\t\t\t\t\t\t\t\t\t\t\t\t\t\t\t\t<\/span>\n\t\t\t\t\t\t\t\t\t\t\t\t\t\t\t\t\t\t\t\t\t\t<span class=\"elementor-button-text\"> \u0625\u0631\u0633\u0627\u0644<\/span>\n\t\t\t\t\t\t\t\t\t\t\t\t\t<\/span>\n\t\t\t\t\t<\/button>\n\t\t\t\t<\/div>\n\t\t\t<\/div>\n\t\t<\/form>\n\t\t\t\t\t\t<\/div>\n\t\t\t\t<\/div>\n\t\t\t\t\t<\/div>\n\t\t<\/div>\n\t\t\t\t\t<\/div>\n\t\t<\/section>\n\t\t\t\t\t<\/div>\n\t\t<\/div>\n\t\t\t\t\t<\/div>\n\t\t<\/section>\n\t\t\t\t<section class=\"elementor-section elementor-top-section elementor-element elementor-element-3234544 elementor-section-boxed elementor-section-height-default elementor-section-height-default\" data-id=\"3234544\" data-element_type=\"section\">\n\t\t\t\t\t\t<div class=\"elementor-container elementor-column-gap-default\">\n\t\t\t\t\t<div class=\"elementor-column elementor-col-100 elementor-top-column elementor-element elementor-element-c606fc0\" data-id=\"c606fc0\" data-element_type=\"column\">\n\t\t\t<div class=\"elementor-widget-wrap elementor-element-populated\">\n\t\t\t\t\t\t<div class=\"elementor-element elementor-element-893668f elementor-widget elementor-widget-spacer\" data-id=\"893668f\" data-element_type=\"widget\" data-widget_type=\"spacer.default\">\n\t\t\t\t<div class=\"elementor-widget-container\">\n\t\t\t\t\t\t\t<div class=\"elementor-spacer\">\n\t\t\t<div class=\"elementor-spacer-inner\"><\/div>\n\t\t<\/div>\n\t\t\t\t\t\t<\/div>\n\t\t\t\t<\/div>\n\t\t\t\t\t<\/div>\n\t\t<\/div>\n\t\t\t\t\t<\/div>\n\t\t<\/section>\n\t\t\t\t<\/div>\n\t\t","protected":false},"excerpt":{"rendered":"<p>\u0627\u0645\u0644\u0623 \u0627\u0644\u0646\u0645\u0648\u0630\u062c \u0623\u062f\u0646\u0627\u0647 \u0644\u0644\u0645\u0634\u0627\u0631\u0643\u0629 \u062a\u0648\u0627\u0635\u0644 \u0648\u0623\u0644\u0647\u0645 \u0648\u062a\u0639\u0644\u0645 \u0641\u064a \u0645\u0639\u0631\u0636 \u0647\u0648\u0631\u064a\u0643\u0627 \u0625\u0643\u0633\u0628\u0648 \u0627\u0644\u062c\u0632\u0627\u0626\u0631. \u0625\u0630\u0627 \u0643\u0646\u062a \u0645\u0647\u062a\u0645\u064b\u0627 \u0628\u062d\u0636\u0648\u0631 \u0647\u0630\u0627 \u0627\u0644\u062d\u062f\u062b\u060c \u0646\u0646\u0635\u062d\u0643 \u0628\u0627\u0644\u0627\u0634\u062a\u0631\u0627\u0643 \u0641\u064a \u0625\u0634\u0639\u0627\u0631\u0627\u062a \u0627\u0644\u0628\u0631\u064a\u062f \u0627\u0644\u0625\u0644\u0643\u062a\u0631\u0648\u0646\u064a \u0644\u0645\u0639\u0631\u0636 \u0647\u0648\u0631\u064a\u0643\u0627 \u0625\u0643\u0633\u0628\u0648 \u0627\u0644\u062c\u0632\u0627\u0626\u0631 \u0639\u0628\u0631 \u0627\u0644\u0646\u0645\u0648\u0630\u062c \u0623\u062f\u0646\u0627\u0647. \u0633\u0648\u0641 \u064a\u062a\u0644\u0642\u0649 \u0627\u0644\u0645\u0634\u062a\u0631\u0643\u0648\u0646 \u0631\u0633\u0627\u0644\u0629 \u0628\u0631\u064a\u062f \u0625\u0644\u0643\u062a\u0631\u0648\u0646\u064a \u062a\u062f\u0639\u0648\u0647\u0645 \u0644\u0644\u062a\u0633\u062c\u064a\u0644 \u0641\u064a \u0627\u0644\u062d\u062f\u062b \u0628\u0645\u062c\u0631\u062f \u0641\u062a\u062d \u0628\u0627\u0628 \u0627\u0644\u062a\u0633\u062c\u064a\u0644 \u0644\u0644\u0646\u0633\u062e\u0629 \u0627\u0644\u0642\u0627\u062f\u0645\u0629. \u0633\u0646\u0631\u0633\u0644 \u0644\u0643 \u0623\u064a\u0636\u064b\u0627 \u0625\u0639\u0644\u0627\u0646\u0627\u062a \u062c\u062f\u064a\u062f\u0629 \u062a\u062a\u0636\u0645\u0646 \u062a\u062d\u062f\u064a\u062b\u0627\u062a \u0639\u0646 [&hellip;]<\/p>\n","protected":false},"author":85,"featured_media":0,"parent":0,"menu_order":0,"comment_status":"closed","ping_status":"closed","template":"","meta":{"_seopress_robots_primary_cat":"","_seopress_titles_title":"\u0647\u0644 \u062a\u0641\u0643\u0631 \u0641\u064a \u062d\u0636\u0648\u0631 \u0645\u0639\u0631\u0636 \u0647\u0648\u0631\u064a\u0643\u0627 \u0627\u0644\u062c\u0632\u0627\u0626\u0631\u061f","_seopress_titles_desc":"\u062a\u0648\u0627\u0635\u0644 \u0648\u0623\u0644\u0647\u0645 \u0648\u062a\u0639\u0644\u0645 \u0641\u064a \u0645\u0639\u0631\u0636 \u0647\u0648\u0631\u064a\u0643\u0627 \u0625\u0643\u0633\u0628\u0648 \u0627\u0644\u062c\u0632\u0627\u0626\u0631.","_seopress_robots_index":"","footnotes":""},"class_list":["post-47609","page","type-page","status-publish","hentry"],"_links":{"self":[{"href":"https:\/\/www.horecaexpodz.com\/ar\/wp-json\/wp\/v2\/pages\/47609","targetHints":{"allow":["GET"]}}],"collection":[{"href":"https:\/\/www.horecaexpodz.com\/ar\/wp-json\/wp\/v2\/pages"}],"about":[{"href":"https:\/\/www.horecaexpodz.com\/ar\/wp-json\/wp\/v2\/types\/page"}],"author":[{"embeddable":true,"href":"https:\/\/www.horecaexpodz.com\/ar\/wp-json\/wp\/v2\/users\/85"}],"replies":[{"embeddable":true,"href":"https:\/\/www.horecaexpodz.com\/ar\/wp-json\/wp\/v2\/comments?post=47609"}],"version-history":[{"count":5,"href":"https:\/\/www.horecaexpodz.com\/ar\/wp-json\/wp\/v2\/pages\/47609\/revisions"}],"predecessor-version":[{"id":58174,"href":"https:\/\/www.horecaexpodz.com\/ar\/wp-json\/wp\/v2\/pages\/47609\/revisions\/58174"}],"wp:attachment":[{"href":"https:\/\/www.horecaexpodz.com\/ar\/wp-json\/wp\/v2\/media?parent=47609"}],"curies":[{"name":"wp","href":"https:\/\/api.w.org\/{rel}","templated":true}]}}