{"id":10588,"date":"2022-09-11T10:41:18","date_gmt":"2022-09-11T10:41:18","guid":{"rendered":"https:\/\/www.horecaexpodz.com\/?page_id=10588"},"modified":"2023-09-04T08:21:27","modified_gmt":"2023-09-04T08:21:27","slug":"bar-a-pizza","status":"publish","type":"page","link":"https:\/\/www.horecaexpodz.com\/fr\/bar-a-pizza\/","title":{"rendered":"Best Pizza Dz"},"content":{"rendered":"\t\t<div data-elementor-type=\"wp-page\" data-elementor-id=\"10588\" class=\"elementor elementor-10588\" data-elementor-post-type=\"page\">\n\t\t\t\t\t\t<section class=\"elementor-section elementor-top-section elementor-element elementor-element-7b448c5 elementor-section-boxed elementor-section-height-default elementor-section-height-default\" data-id=\"7b448c5\" data-element_type=\"section\">\n\t\t\t\t\t\t<div class=\"elementor-container elementor-column-gap-default\">\n\t\t\t\t\t<div class=\"elementor-column elementor-col-100 elementor-top-column elementor-element elementor-element-21ae458\" data-id=\"21ae458\" data-element_type=\"column\">\n\t\t\t<div class=\"elementor-widget-wrap elementor-element-populated\">\n\t\t\t\t\t\t<div class=\"elementor-element elementor-element-16a7669 elementor-widget elementor-widget-heading\" data-id=\"16a7669\" data-element_type=\"widget\" data-widget_type=\"heading.default\">\n\t\t\t\t<div class=\"elementor-widget-container\">\n\t\t\t\t\t<h2 class=\"elementor-heading-title elementor-size-default\">Animation \"Bar \u00e0 Pizza\"<\/h2>\t\t\t\t<\/div>\n\t\t\t\t<\/div>\n\t\t\t\t\t<\/div>\n\t\t<\/div>\n\t\t\t\t\t<\/div>\n\t\t<\/section>\n\t\t\t\t<section class=\"elementor-section elementor-top-section elementor-element elementor-element-d697f38 elementor-section-boxed elementor-section-height-default elementor-section-height-default\" data-id=\"d697f38\" data-element_type=\"section\">\n\t\t\t\t\t\t<div class=\"elementor-container elementor-column-gap-default\">\n\t\t\t\t\t<div class=\"elementor-column elementor-col-50 elementor-top-column elementor-element elementor-element-9076e48\" data-id=\"9076e48\" data-element_type=\"column\">\n\t\t\t<div class=\"elementor-widget-wrap elementor-element-populated\">\n\t\t\t\t\t\t<div class=\"elementor-element elementor-element-1fb3dcb elementor-widget elementor-widget-text-editor\" data-id=\"1fb3dcb\" data-element_type=\"widget\" data-widget_type=\"text-editor.default\">\n\t\t\t\t<div class=\"elementor-widget-container\">\n\t\t\t\t\t\t\t\t\t<p>Venez assister \u00e0 une animation qui vous offrira\u00a0 l&rsquo;opportunit\u00e9 de voir et de d\u00e9couvrir la pr\u00e9paration et la r\u00e9alisation d&rsquo;une pizza par un pizzaiolo professionnel de renom, de la confection de la p\u00e2te jusqu&rsquo;\u00e0 sa sortie du four.<\/p><p>Les visiteurs se verront \u00e9galement offrir une d\u00e9gustation durant les 4 jours du salon Horeca Expo Alg\u00e9rie.<\/p>\t\t\t\t\t\t\t\t<\/div>\n\t\t\t\t<\/div>\n\t\t\t\t<div class=\"elementor-element elementor-element-945f1c3 elementor-invisible elementor-widget elementor-widget-dynamic-button\" data-id=\"945f1c3\" data-element_type=\"widget\" data-settings=\"{&quot;_animation&quot;:&quot;fadeInRight&quot;}\" data-widget_type=\"dynamic-button.default\">\n\t\t\t\t<div class=\"elementor-widget-container\">\n\t\t\t\t\t        <div class=\"elementor-button-wrapper\">\n            <a href=\"https:\/\/registration.gesevent.com\/survey\/1abv55rzt7uf2\" target=\"_blank\" class=\"elementor-button-link elementor-button elementor-size-xs\" role=\"button\">\n                        <span class=\"elementor-button-content-wrapper\">\n\t\t\t                <span class=\"elementor-button-icon elementor-align-icon-right\">\n\t\t\t\t<i aria-hidden=\"true\" class=\"fas fa-arrow-circle-right\"><\/i>\t\t\t<\/span>\n            \t\t\t<span class=\"elementor-button-text\">INSCRIPTION VISITEUR<\/span>\n\t\t<\/span>\n                    <\/a>\n        <\/div>\n        \t\t\t\t<\/div>\n\t\t\t\t<\/div>\n\t\t\t\t<div class=\"elementor-element elementor-element-f349bbb elementor-invisible elementor-widget elementor-widget-ics-button\" data-id=\"f349bbb\" data-element_type=\"widget\" data-settings=\"{&quot;_animation&quot;:&quot;fadeInRight&quot;}\" data-widget_type=\"ics-button.default\">\n\t\t\t\t<div class=\"elementor-widget-container\">\n\t\t\t\t\t        <form class=\"elementor-button-wrapper\" method=\"post\" action=\"https:\/\/www.horecaexpodz.com\/wp\/wp-admin\/admin-ajax.php?action=ical\" target=\"_blank\">\n            <input type=\"hidden\" id=\"event_nonce\" name=\"event_nonce\" value=\"f761be5719\" \/><input type=\"hidden\" name=\"_wp_http_referer\" value=\"\/fr\/wp-json\/wp\/v2\/pages\/10588\" \/>                <input type=\"hidden\" name=\"event_title\" value=\"Animation \"Bar \u00e0 Pizza\" \"\/>\n                                <input type=\"hidden\" name=\"event_description\" value=\"Animation \"Bar \u00e0 Pizza\"\"\/>\n                                <input type=\"hidden\" name=\"event_date_start\" value=\"2022-11-16 09:00\"\/>\n                                <input type=\"hidden\" name=\"event_date_end\" value=\"2022-11-19 18:00\"\/>\n                                <input type=\"hidden\" name=\"event_timezone\" value=\"3\"\/>\n                                <input type=\"hidden\" name=\"event_location\" value=\"Parc des expositions d'Alger - SAFEX\"\/>\n                            <input type=\"hidden\" name=\"event_url\" value=\"www.horecaexpodz.com\"\/>\n            <button type=\"submit\" class=\"elementor-button elementor-button-ical\" role=\"button\">\n                        <span class=\"elementor-button-content-wrapper\">\n\t\t\t                <span class=\"elementor-button-icon elementor-align-icon-left\">\n\t\t\t\t<i aria-hidden=\"true\" class=\"far fa-calendar-alt\"><\/i>\t\t\t<\/span>\n            \t\t\t<span class=\"elementor-button-text\">Ajouter \u00e0 votre calendrier<\/span>\n\t\t<\/span>\n                    <\/button>\n        <\/form>\n        \t\t\t\t<\/div>\n\t\t\t\t<\/div>\n\t\t\t\t\t<\/div>\n\t\t<\/div>\n\t\t\t\t<div class=\"elementor-column elementor-col-50 elementor-top-column elementor-element elementor-element-bde7b86\" data-id=\"bde7b86\" data-element_type=\"column\">\n\t\t\t<div class=\"elementor-widget-wrap elementor-element-populated\">\n\t\t\t\t\t\t<div class=\"elementor-element elementor-element-710527d elementor-widget elementor-widget-image\" data-id=\"710527d\" data-element_type=\"widget\" data-widget_type=\"image.default\">\n\t\t\t\t<div class=\"elementor-widget-container\">\n\t\t\t\t\t\t\t\t\t\t\t\t\t\t\t<img fetchpriority=\"high\" decoding=\"async\" width=\"800\" height=\"533\" src=\"https:\/\/easyfairsassets.com\/sites\/247\/2022\/09\/Bar-a-Pizza-1024x682.jpg\" class=\"attachment-large size-large wp-image-10590\" alt=\"\" srcset=\"https:\/\/easyfairsassets.com\/sites\/247\/2022\/09\/Bar-a-Pizza-1024x682.jpg 1024w, https:\/\/easyfairsassets.com\/sites\/247\/2022\/09\/Bar-a-Pizza-300x200.jpg 300w, https:\/\/easyfairsassets.com\/sites\/247\/2022\/09\/Bar-a-Pizza-768x511.jpg 768w, https:\/\/easyfairsassets.com\/sites\/247\/2022\/09\/Bar-a-Pizza-1536x1022.jpg 1536w, https:\/\/easyfairsassets.com\/sites\/247\/2022\/09\/Bar-a-Pizza.jpg 1920w\" sizes=\"(max-width: 800px) 100vw, 800px\" \/>\t\t\t\t\t\t\t\t\t\t\t\t\t\t\t<\/div>\n\t\t\t\t<\/div>\n\t\t\t\t\t<\/div>\n\t\t<\/div>\n\t\t\t\t\t<\/div>\n\t\t<\/section>\n\t\t\t\t<section class=\"elementor-section elementor-top-section elementor-element elementor-element-12f180c elementor-section-boxed elementor-section-height-default elementor-section-height-default\" data-id=\"12f180c\" data-element_type=\"section\" data-settings=\"{&quot;background_background&quot;:&quot;classic&quot;}\">\n\t\t\t\t\t\t\t<div class=\"elementor-background-overlay\"><\/div>\n\t\t\t\t\t\t\t<div class=\"elementor-container elementor-column-gap-default\">\n\t\t\t\t\t<div class=\"elementor-column elementor-col-100 elementor-top-column elementor-element elementor-element-302f2e3\" data-id=\"302f2e3\" data-element_type=\"column\">\n\t\t\t<div class=\"elementor-widget-wrap elementor-element-populated\">\n\t\t\t\t\t\t<section class=\"elementor-section elementor-inner-section elementor-element elementor-element-3e94303 elementor-section-boxed elementor-section-height-default elementor-section-height-default\" data-id=\"3e94303\" data-element_type=\"section\">\n\t\t\t\t\t\t<div class=\"elementor-container elementor-column-gap-default\">\n\t\t\t\t\t<div class=\"elementor-column elementor-col-100 elementor-inner-column elementor-element elementor-element-069a31b\" data-id=\"069a31b\" data-element_type=\"column\">\n\t\t\t<div class=\"elementor-widget-wrap elementor-element-populated\">\n\t\t\t\t\t\t<div class=\"elementor-element elementor-element-77967c0 elementor-widget elementor-widget-heading\" data-id=\"77967c0\" data-element_type=\"widget\" data-widget_type=\"heading.default\">\n\t\t\t\t<div class=\"elementor-widget-container\">\n\t\t\t\t\t<h2 class=\"elementor-heading-title elementor-size-default\">Anim\u00e9 par : <\/h2>\t\t\t\t<\/div>\n\t\t\t\t<\/div>\n\t\t\t\t\t<\/div>\n\t\t<\/div>\n\t\t\t\t\t<\/div>\n\t\t<\/section>\n\t\t\t\t<section class=\"elementor-section elementor-inner-section elementor-element elementor-element-480c903 elementor-section-boxed elementor-section-height-default elementor-section-height-default\" data-id=\"480c903\" data-element_type=\"section\">\n\t\t\t\t\t\t<div class=\"elementor-container elementor-column-gap-default\">\n\t\t\t\t\t<div class=\"elementor-column elementor-col-33 elementor-inner-column elementor-element elementor-element-c5624fc\" data-id=\"c5624fc\" data-element_type=\"column\">\n\t\t\t<div class=\"elementor-widget-wrap elementor-element-populated\">\n\t\t\t\t\t\t<div class=\"elementor-element elementor-element-f1c00bb elementor-widget elementor-widget-image\" data-id=\"f1c00bb\" data-element_type=\"widget\" data-widget_type=\"image.default\">\n\t\t\t\t<div class=\"elementor-widget-container\">\n\t\t\t\t\t\t\t\t\t\t\t\t\t\t\t\t<a href=\"https:\/\/www.instagram.com\/lapetiteaubergealger\/?hl=fr\" target=\"_blank\">\n\t\t\t\t\t\t\t<img decoding=\"async\" src=\"https:\/\/easyfairsassets.com\/sites\/247\/elementor\/thumbs\/la-petite-auberge-logo-des-20-ans-pvntau38o90ke6ln6ctofehqxx1nmdjutuzxpe1akk.jpg\" title=\"la petite auberge logo des 20 ans\" alt=\"la petite auberge logo des 20 ans\" loading=\"lazy\" \/>\t\t\t\t\t\t\t\t<\/a>\n\t\t\t\t\t\t\t\t\t\t\t\t\t\t\t<\/div>\n\t\t\t\t<\/div>\n\t\t\t\t\t<\/div>\n\t\t<\/div>\n\t\t\t\t<div class=\"elementor-column elementor-col-66 elementor-inner-column elementor-element elementor-element-6cf731c\" data-id=\"6cf731c\" data-element_type=\"column\">\n\t\t\t<div class=\"elementor-widget-wrap elementor-element-populated\">\n\t\t\t\t\t\t<div class=\"elementor-element elementor-element-71551c2 elementor-widget elementor-widget-text-editor\" data-id=\"71551c2\" data-element_type=\"widget\" data-widget_type=\"text-editor.default\">\n\t\t\t\t<div class=\"elementor-widget-container\">\n\t\t\t\t\t\t\t\t\t<p>Depuis 2002, la petite auberge ne cesse de s\u2019agrandir apr\u00e8s avoir \u00e9t\u00e9 une toute petite pizzeria \/ salon de th\u00e9 de 40 m2 \u00e0 la cit\u00e9 des PTT de Hydra.<br \/>En 2013 elle b\u00e9n\u00e9ficie d\u2019une remise \u00e0 niveau avec une nouvelle politique d\u2019investissement, d\u2019extension et de discipline professionnelle menant \u00e0 l\u2019ouverture de sa premi\u00e8re extension.<br \/>En 2016, un restaurant de 160 m2 sp\u00e9cialis\u00e9 dans la pizza au feu de bois au niveau de Djnane El Malik \u00e0 Hydra; tout juste une ann\u00e9e apr\u00e8s, un autre restaurant de 115 m2 au boulevard Sidi Yahia.\u00a0<br \/>En 2018, une petite exp\u00e9rience de boulangerie traiteur et pizza au feu de bois au sein du centre commercial de Ben Aknoun.<br \/>En 2019 elle lance un concept de restaurant \u00e9ph\u00e9m\u00e8re avec un chalet d\u00e9montable et un four \u00e0 feu de bois professionnel tractable, le seul qui existe en Alg\u00e9rie, est exp\u00e9riment\u00e9 \u00e0 la plage de kouali \u00e0 Tipaza.<br \/><span style=\"font-size: 15px; letter-spacing: 0.2px;\">En 2020, l\u2019ouverture d\u2019un nouveau point de vente \u00ab\u00a0take away\u00a0\u00bb qui s\u2019appelle \u00ab\u00a0Bakery\u00a0\u00bb encore \u00e0 Hydra de 20 m2 qui propose des pizzas au feu de bois de qualit\u00e9 sup\u00e9rieure.<br \/><\/span>Un nouveau restaurant \u00e0 Garidi de 300m2 avec deux fours \u00e0 feu de bois et en 2021, un autre restaurant \u00e0 Garden City Mall de Cheraga de 150m2 et, la m\u00eame ann\u00e9e un concept de caravane et charrette pour des sucr\u00e9s et des sal\u00e9s comme corner toujours au Garden City.<br \/>2022 fut l\u2019ann\u00e9e de l\u2019ouverture de son laboratoire traiteur de 400 m2 et le lancement de la franchise \u00ab La petite auberge pizza au feu de bois \u00bb et le service traiteur pour professionnels.<\/p>\t\t\t\t\t\t\t\t<\/div>\n\t\t\t\t<\/div>\n\t\t\t\t\t<\/div>\n\t\t<\/div>\n\t\t\t\t\t<\/div>\n\t\t<\/section>\n\t\t\t\t\t<\/div>\n\t\t<\/div>\n\t\t\t\t\t<\/div>\n\t\t<\/section>\n\t\t\t\t<section class=\"elementor-section elementor-top-section elementor-element elementor-element-13ef308 elementor-hidden-desktop elementor-hidden-tablet elementor-hidden-mobile elementor-section-boxed elementor-section-height-default elementor-section-height-default\" data-id=\"13ef308\" data-element_type=\"section\">\n\t\t\t\t\t\t<div class=\"elementor-container elementor-column-gap-default\">\n\t\t\t\t\t<div class=\"elementor-column elementor-col-100 elementor-top-column elementor-element elementor-element-87a0951\" data-id=\"87a0951\" data-element_type=\"column\">\n\t\t\t<div class=\"elementor-widget-wrap elementor-element-populated\">\n\t\t\t\t\t\t<div class=\"elementor-element elementor-element-4d9e2e0 elementor-widget elementor-widget-heading\" data-id=\"4d9e2e0\" data-element_type=\"widget\" data-widget_type=\"heading.default\">\n\t\t\t\t<div class=\"elementor-widget-container\">\n\t\t\t\t\t<h2 class=\"elementor-heading-title elementor-size-default\">SPONSOR <\/h2>\t\t\t\t<\/div>\n\t\t\t\t<\/div>\n\t\t\t\t\t<\/div>\n\t\t<\/div>\n\t\t\t\t\t<\/div>\n\t\t<\/section>\n\t\t\t\t<section class=\"elementor-section elementor-top-section elementor-element elementor-element-a5b892d elementor-hidden-desktop elementor-hidden-tablet elementor-hidden-mobile elementor-section-boxed elementor-section-height-default elementor-section-height-default\" data-id=\"a5b892d\" data-element_type=\"section\">\n\t\t\t\t\t\t<div class=\"elementor-container elementor-column-gap-default\">\n\t\t\t\t\t<div class=\"elementor-column elementor-col-100 elementor-top-column elementor-element elementor-element-1e3abde\" data-id=\"1e3abde\" data-element_type=\"column\">\n\t\t\t<div class=\"elementor-widget-wrap elementor-element-populated\">\n\t\t\t\t\t\t<div class=\"elementor-element elementor-element-9a2197a elementor-widget elementor-widget-image\" data-id=\"9a2197a\" data-element_type=\"widget\" data-widget_type=\"image.default\">\n\t\t\t\t<div class=\"elementor-widget-container\">\n\t\t\t\t\t\t\t\t\t\t\t\t\t\t\t<img decoding=\"async\" src=\"https:\/\/easyfairsassets.com\/elassets\/images\/placeholder.png\" title=\"\" alt=\"\" loading=\"lazy\" \/>\t\t\t\t\t\t\t\t\t\t\t\t\t\t\t<\/div>\n\t\t\t\t<\/div>\n\t\t\t\t\t<\/div>\n\t\t<\/div>\n\t\t\t\t\t<\/div>\n\t\t<\/section>\n\t\t\t\t<\/div>\n\t\t","protected":false},"excerpt":{"rendered":"<p>Animation \u00ab\u00a0Bar \u00e0 Pizza\u00a0\u00bb Venez assister \u00e0 une animation qui vous offrira&nbsp; l&rsquo;opportunit\u00e9 de voir et de d\u00e9couvrir la pr\u00e9paration et la r\u00e9alisation d&rsquo;une pizza par un pizzaiolo professionnel de renom, de la confection de la p\u00e2te jusqu&rsquo;\u00e0 sa sortie du four. Les visiteurs se verront \u00e9galement offrir une d\u00e9gustation durant les 4 jours du [&hellip;]<\/p>\n","protected":false},"author":82,"featured_media":0,"parent":0,"menu_order":0,"comment_status":"closed","ping_status":"closed","template":"","meta":{"_seopress_robots_primary_cat":"","_seopress_titles_title":"Concours Best Pizza Dz - Horeca Expo Alg\u00e9rie ","_seopress_titles_desc":"","_seopress_robots_index":"","footnotes":""},"class_list":["post-10588","page","type-page","status-publish","hentry"],"_links":{"self":[{"href":"https:\/\/www.horecaexpodz.com\/fr\/wp-json\/wp\/v2\/pages\/10588","targetHints":{"allow":["GET"]}}],"collection":[{"href":"https:\/\/www.horecaexpodz.com\/fr\/wp-json\/wp\/v2\/pages"}],"about":[{"href":"https:\/\/www.horecaexpodz.com\/fr\/wp-json\/wp\/v2\/types\/page"}],"author":[{"embeddable":true,"href":"https:\/\/www.horecaexpodz.com\/fr\/wp-json\/wp\/v2\/users\/82"}],"replies":[{"embeddable":true,"href":"https:\/\/www.horecaexpodz.com\/fr\/wp-json\/wp\/v2\/comments?post=10588"}],"version-history":[{"count":5,"href":"https:\/\/www.horecaexpodz.com\/fr\/wp-json\/wp\/v2\/pages\/10588\/revisions"}],"predecessor-version":[{"id":22601,"href":"https:\/\/www.horecaexpodz.com\/fr\/wp-json\/wp\/v2\/pages\/10588\/revisions\/22601"}],"wp:attachment":[{"href":"https:\/\/www.horecaexpodz.com\/fr\/wp-json\/wp\/v2\/media?parent=10588"}],"curies":[{"name":"wp","href":"https:\/\/api.w.org\/{rel}","templated":true}]}}