{"id":1641,"date":"2020-04-16T09:37:57","date_gmt":"2020-04-16T09:37:57","guid":{"rendered":"https:\/\/www.horecaexpodz.com\/?page_id=1641"},"modified":"2026-03-17T14:26:40","modified_gmt":"2026-03-17T14:26:40","slug":"manifestez-votre-interet","status":"publish","type":"page","link":"https:\/\/www.horecaexpodz.com\/fr\/manifestez-votre-interet\/","title":{"rendered":"Manifestez votre int\u00e9r\u00eat"},"content":{"rendered":"\t\t<div data-elementor-type=\"wp-page\" data-elementor-id=\"1641\" class=\"elementor elementor-1641\" data-elementor-post-type=\"page\">\n\t\t\t\t\t\t<section class=\"elementor-section elementor-top-section elementor-element elementor-element-b556a17 elementor-section-full_width elementor-section-height-default elementor-section-height-default\" data-id=\"b556a17\" data-element_type=\"section\">\n\t\t\t\t\t\t<div class=\"elementor-container elementor-column-gap-default\">\n\t\t\t\t\t<div class=\"elementor-column elementor-col-100 elementor-top-column elementor-element elementor-element-ca0ea4b\" data-id=\"ca0ea4b\" data-element_type=\"column\">\n\t\t\t<div class=\"elementor-widget-wrap elementor-element-populated\">\n\t\t\t\t\t\t<section class=\"elementor-section elementor-inner-section elementor-element elementor-element-8abea9e elementor-section-full_width elementor-section-height-default elementor-section-height-default\" data-id=\"8abea9e\" data-element_type=\"section\">\n\t\t\t\t\t\t<div class=\"elementor-container elementor-column-gap-default\">\n\t\t\t\t\t<div class=\"elementor-column elementor-col-100 elementor-inner-column elementor-element elementor-element-c4c1350\" data-id=\"c4c1350\" data-element_type=\"column\">\n\t\t\t<div class=\"elementor-widget-wrap elementor-element-populated\">\n\t\t\t\t\t\t<div class=\"elementor-element elementor-element-94484dd elementor-widget elementor-widget-heading\" data-id=\"94484dd\" data-element_type=\"widget\" data-widget_type=\"heading.default\">\n\t\t\t\t<div class=\"elementor-widget-container\">\n\t\t\t\t\t<h1 class=\"elementor-heading-title elementor-size-default\">Remplissez le formulaire ci-dessous pour participer<\/h1>\t\t\t\t<\/div>\n\t\t\t\t<\/div>\n\t\t\t\t<div class=\"elementor-element elementor-element-e4bde90 elementor-widget elementor-widget-text-editor\" data-id=\"e4bde90\" data-element_type=\"widget\" data-widget_type=\"text-editor.default\">\n\t\t\t\t<div class=\"elementor-widget-container\">\n\t\t\t\t\t\t\t\t\t<p>Connectez, inspirez et apprenez \u00e0 HORECA Expo Alg\u00e9rie.<br \/>Si vous souhaitez assister \u00e0 cet \u00e9v\u00e9nement, nous vous recommandons de vous abonner \u00e0 nos notifications par e-mail HORECA Expo Alg\u00e9rie via le formulaire ci-dessous. Les abonn\u00e9s recevront un e-mail les invitant \u00e0 s&rsquo;inscrire \u00e0 l&rsquo;\u00e9v\u00e9nement d\u00e8s le lancement des inscriptions pour la prochaine \u00e9dition. Nous vous enverrons \u00e9galement de nouvelles annonces avec des mises \u00e0 jour sur les caract\u00e9ristiques du salon et les exposants afin que vous puissiez planifier votre visite et vivre la meilleure exp\u00e9rience possible.<\/p>\t\t\t\t\t\t\t\t<\/div>\n\t\t\t\t<\/div>\n\t\t\t\t<div class=\"elementor-element elementor-element-edc3ef6 elementor-button-align-center elementor-widget elementor-widget-form\" data-id=\"edc3ef6\" data-element_type=\"widget\" data-settings=\"{&quot;step_next_label&quot;:&quot;Next&quot;,&quot;step_previous_label&quot;:&quot;Previous&quot;,&quot;button_width&quot;:&quot;100&quot;,&quot;step_type&quot;:&quot;number_text&quot;,&quot;step_icon_shape&quot;:&quot;circle&quot;}\" data-widget_type=\"form.default\">\n\t\t\t\t<div class=\"elementor-widget-container\">\n\t\t\t\t\t\t\t<form class=\"elementor-form\" method=\"post\" name=\"Register your interest\" aria-label=\"Register your interest\">\n\t\t\t<input type=\"hidden\" name=\"post_id\" value=\"1641\"\/>\n\t\t\t<input type=\"hidden\" name=\"form_id\" value=\"edc3ef6\"\/>\n\t\t\t<input type=\"hidden\" name=\"referer_title\" value=\"\" \/>\n\n\t\t\t\n\t\t\t<div class=\"elementor-form-fields-wrapper elementor-labels-\">\n\t\t\t\t\t\t\t\t<div class=\"elementor-field-type-text elementor-field-group elementor-column elementor-field-group-FirstName elementor-col-100 elementor-field-required\">\n\t\t\t\t\t\t\t\t\t\t\t\t<label for=\"form-field-FirstName\" class=\"elementor-field-label elementor-screen-only\">\n\t\t\t\t\t\t\t\tPr\u00e9nom\t\t\t\t\t\t\t<\/label>\n\t\t\t\t\t\t\t\t\t\t\t\t\t\t<input size=\"1\" type=\"text\" name=\"form_fields[FirstName]\" id=\"form-field-FirstName\" class=\"elementor-field elementor-size-sm  elementor-field-textual\" placeholder=\"Pr\u00e9nom\" required=\"required\">\n\t\t\t\t\t\t\t\t\t\t\t<\/div>\n\t\t\t\t\t\t\t\t<div class=\"elementor-field-type-text elementor-field-group elementor-column elementor-field-group-LastName elementor-col-100 elementor-field-required\">\n\t\t\t\t\t\t\t\t\t\t\t\t<label for=\"form-field-LastName\" class=\"elementor-field-label elementor-screen-only\">\n\t\t\t\t\t\t\t\t Nom de famille\t\t\t\t\t\t\t<\/label>\n\t\t\t\t\t\t\t\t\t\t\t\t\t\t<input size=\"1\" type=\"text\" name=\"form_fields[LastName]\" id=\"form-field-LastName\" class=\"elementor-field elementor-size-sm  elementor-field-textual\" placeholder=\" Nom de famille\" required=\"required\">\n\t\t\t\t\t\t\t\t\t\t\t<\/div>\n\t\t\t\t\t\t\t\t<div class=\"elementor-field-type-email elementor-field-group elementor-column elementor-field-group-Email elementor-col-100 elementor-field-required\">\n\t\t\t\t\t\t\t\t\t\t\t\t<label for=\"form-field-Email\" class=\"elementor-field-label elementor-screen-only\">\n\t\t\t\t\t\t\t\tEmail\t\t\t\t\t\t\t<\/label>\n\t\t\t\t\t\t\t\t\t\t\t\t\t\t<input size=\"1\" type=\"email\" name=\"form_fields[Email]\" id=\"form-field-Email\" class=\"elementor-field elementor-size-sm  elementor-field-textual\" placeholder=\"Email\" required=\"required\">\n\t\t\t\t\t\t\t\t\t\t\t<\/div>\n\t\t\t\t\t\t\t\t<div class=\"elementor-field-type-text elementor-field-group elementor-column elementor-field-group-Telephone elementor-col-100 elementor-field-required\">\n\t\t\t\t\t\t\t\t\t\t\t\t<label for=\"form-field-Telephone\" class=\"elementor-field-label elementor-screen-only\">\n\t\t\t\t\t\t\t\t T\u00e9l\u00e9phone\t\t\t\t\t\t\t<\/label>\n\t\t\t\t\t\t\t\t\t\t\t\t\t\t<input size=\"1\" type=\"text\" name=\"form_fields[Telephone]\" id=\"form-field-Telephone\" class=\"elementor-field elementor-size-sm  elementor-field-textual\" placeholder=\" T\u00e9l\u00e9phone\" required=\"required\">\n\t\t\t\t\t\t\t\t\t\t\t<\/div>\n\t\t\t\t\t\t\t\t<div class=\"elementor-field-type-text elementor-field-group elementor-column elementor-field-group-JobTitle elementor-col-100 elementor-field-required\">\n\t\t\t\t\t\t\t\t\t\t\t\t<label for=\"form-field-JobTitle\" class=\"elementor-field-label elementor-screen-only\">\n\t\t\t\t\t\t\t\t Profession\t\t\t\t\t\t\t<\/label>\n\t\t\t\t\t\t\t\t\t\t\t\t\t\t<input size=\"1\" type=\"text\" name=\"form_fields[JobTitle]\" id=\"form-field-JobTitle\" class=\"elementor-field elementor-size-sm  elementor-field-textual\" placeholder=\" Profession\" required=\"required\">\n\t\t\t\t\t\t\t\t\t\t\t<\/div>\n\t\t\t\t\t\t\t\t<div class=\"elementor-field-type-text elementor-field-group elementor-column elementor-field-group-CompanyName elementor-col-100 elementor-field-required\">\n\t\t\t\t\t\t\t\t\t\t\t\t<label for=\"form-field-CompanyName\" class=\"elementor-field-label elementor-screen-only\">\n\t\t\t\t\t\t\t\tNom de la compagnie\t\t\t\t\t\t\t<\/label>\n\t\t\t\t\t\t\t\t\t\t\t\t\t\t<input size=\"1\" type=\"text\" name=\"form_fields[CompanyName]\" id=\"form-field-CompanyName\" class=\"elementor-field elementor-size-sm  elementor-field-textual\" placeholder=\"Nom de la compagnie\" required=\"required\">\n\t\t\t\t\t\t\t\t\t\t\t<\/div>\n\t\t\t\t\t\t\t\t<div class=\"elementor-field-type-text elementor-field-group elementor-column elementor-field-group-Country_id elementor-col-100 elementor-field-required\">\n\t\t\t\t\t\t\t\t\t\t\t\t<label for=\"form-field-Country_id\" class=\"elementor-field-label elementor-screen-only\">\n\t\t\t\t\t\t\t\t Pays\t\t\t\t\t\t\t<\/label>\n\t\t\t\t\t\t\t\t\t\t\t\t\t\t<input size=\"1\" type=\"text\" name=\"form_fields[Country_id]\" id=\"form-field-Country_id\" class=\"elementor-field elementor-size-sm  elementor-field-textual\" placeholder=\" Pays\" required=\"required\">\n\t\t\t\t\t\t\t\t\t\t\t<\/div>\n\t\t\t\t\t\t\t\t<div class=\"elementor-field-type-html elementor-field-group elementor-column elementor-field-group-field_dbc8e96 elementor-col-100\">\n\t\t\t\t\tChez Easyfairs, nous prenons votre vie priv\u00e9e au s\u00e9rieux et n'utiliserons les informations que nous recueillons ou recevons \u00e0 votre sujet que conform\u00e9ment \u00e0 notre <a href=\"https:\/\/www.easyfairs.com\/privacy-statement\/?\">privacy policy<\/a>. Si vous changez d'avis, vous pouvez <a href=\"mailto:privacyuk@easyfairs.com\"> vous d\u00e9sinscrire <\/a> \u00e0 tout moment.\t\t\t\t<\/div>\n\t\t\t\t\t\t\t\t<div class=\"elementor-field-type-checkbox elementor-field-group elementor-column elementor-field-group-accept1807 elementor-col-100\">\n\t\t\t\t\t<div class=\"elementor-field-subgroup  \"><span class=\"elementor-field-option\"><input type=\"checkbox\" value=\"J\u2019accepte que Easyfairs traite mes donn\u00e9es personnelles selon la Loi alg\u00e9rienne 18-07\" id=\"form-field-accept1807-0\" name=\"form_fields[accept1807]\"> <label for=\"form-field-accept1807-0\">J\u2019accepte que Easyfairs traite mes donn\u00e9es personnelles selon la Loi alg\u00e9rienne 18-07<\/label><\/span><\/div>\t\t\t\t<\/div>\n\t\t\t\t\t\t\t\t<div class=\"elementor-field-type-recaptcha_v3 elementor-field-group elementor-column elementor-field-group-field_3e9847a elementor-col-100 recaptcha_v3-inline\">\n\t\t\t\t\t<div class=\"elementor-field\" id=\"form-field-field_3e9847a\"><div class=\"elementor-g-recaptcha\" data-sitekey=\"6LfHjnkaAAAAALQRh55qwfrVn_SVsb_CTjFqe1vT\" data-type=\"v3\" data-action=\"Form\" data-badge=\"inline\" data-size=\"invisible\"><\/div><\/div>\t\t\t\t<\/div>\n\t\t\t\t\t\t\t\t<div class=\"elementor-field-group elementor-column elementor-field-type-submit elementor-col-100 e-form__buttons\">\n\t\t\t\t\t<button class=\"elementor-button elementor-size-sm\" type=\"submit\">\n\t\t\t\t\t\t<span class=\"elementor-button-content-wrapper\">\n\t\t\t\t\t\t\t\t\t\t\t\t\t\t\t<span class=\"elementor-button-icon\">\n\t\t\t\t\t\t\t\t\t<i aria-hidden=\"true\" class=\"far fa-arrow-alt-circle-right\"><\/i>\t\t\t\t\t\t\t\t\t\t\t\t\t\t\t\t\t<\/span>\n\t\t\t\t\t\t\t\t\t\t\t\t\t\t\t\t\t\t\t\t\t\t<span class=\"elementor-button-text\"> Soumettre<\/span>\n\t\t\t\t\t\t\t\t\t\t\t\t\t<\/span>\n\t\t\t\t\t<\/button>\n\t\t\t\t<\/div>\n\t\t\t<\/div>\n\t\t<\/form>\n\t\t\t\t\t\t<\/div>\n\t\t\t\t<\/div>\n\t\t\t\t\t<\/div>\n\t\t<\/div>\n\t\t\t\t\t<\/div>\n\t\t<\/section>\n\t\t\t\t\t<\/div>\n\t\t<\/div>\n\t\t\t\t\t<\/div>\n\t\t<\/section>\n\t\t\t\t<section class=\"elementor-section elementor-top-section elementor-element elementor-element-3234544 elementor-section-boxed elementor-section-height-default elementor-section-height-default\" data-id=\"3234544\" data-element_type=\"section\">\n\t\t\t\t\t\t<div class=\"elementor-container elementor-column-gap-default\">\n\t\t\t\t\t<div class=\"elementor-column elementor-col-100 elementor-top-column elementor-element elementor-element-c606fc0\" data-id=\"c606fc0\" data-element_type=\"column\">\n\t\t\t<div class=\"elementor-widget-wrap elementor-element-populated\">\n\t\t\t\t\t\t<div class=\"elementor-element elementor-element-893668f elementor-widget elementor-widget-spacer\" data-id=\"893668f\" data-element_type=\"widget\" data-widget_type=\"spacer.default\">\n\t\t\t\t<div class=\"elementor-widget-container\">\n\t\t\t\t\t\t\t<div class=\"elementor-spacer\">\n\t\t\t<div class=\"elementor-spacer-inner\"><\/div>\n\t\t<\/div>\n\t\t\t\t\t\t<\/div>\n\t\t\t\t<\/div>\n\t\t\t\t\t<\/div>\n\t\t<\/div>\n\t\t\t\t\t<\/div>\n\t\t<\/section>\n\t\t\t\t<\/div>\n\t\t","protected":false},"excerpt":{"rendered":"<p>Remplissez le formulaire ci-dessous pour participer Connectez, inspirez et apprenez \u00e0 HORECA Expo Alg\u00e9rie.Si vous souhaitez assister \u00e0 cet \u00e9v\u00e9nement, nous vous recommandons de vous abonner \u00e0 nos notifications par e-mail HORECA Expo Alg\u00e9rie via le formulaire ci-dessous. Les abonn\u00e9s recevront un e-mail les invitant \u00e0 s&rsquo;inscrire \u00e0 l&rsquo;\u00e9v\u00e9nement d\u00e8s le lancement des inscriptions pour [&hellip;]<\/p>\n","protected":false},"author":85,"featured_media":0,"parent":0,"menu_order":0,"comment_status":"closed","ping_status":"closed","template":"","meta":{"_seopress_robots_primary_cat":"","_seopress_titles_title":"Vous songez \u00e0 assister \u00e0 HORECA Expo Alg\u00e9rie ?","_seopress_titles_desc":"Connectez, inspirez et apprenez \u00e0 HORECA Expo Alg\u00e9rie.","_seopress_robots_index":"","footnotes":""},"class_list":["post-1641","page","type-page","status-publish","hentry"],"_links":{"self":[{"href":"https:\/\/www.horecaexpodz.com\/fr\/wp-json\/wp\/v2\/pages\/1641","targetHints":{"allow":["GET"]}}],"collection":[{"href":"https:\/\/www.horecaexpodz.com\/fr\/wp-json\/wp\/v2\/pages"}],"about":[{"href":"https:\/\/www.horecaexpodz.com\/fr\/wp-json\/wp\/v2\/types\/page"}],"author":[{"embeddable":true,"href":"https:\/\/www.horecaexpodz.com\/fr\/wp-json\/wp\/v2\/users\/85"}],"replies":[{"embeddable":true,"href":"https:\/\/www.horecaexpodz.com\/fr\/wp-json\/wp\/v2\/comments?post=1641"}],"version-history":[{"count":5,"href":"https:\/\/www.horecaexpodz.com\/fr\/wp-json\/wp\/v2\/pages\/1641\/revisions"}],"predecessor-version":[{"id":57326,"href":"https:\/\/www.horecaexpodz.com\/fr\/wp-json\/wp\/v2\/pages\/1641\/revisions\/57326"}],"wp:attachment":[{"href":"https:\/\/www.horecaexpodz.com\/fr\/wp-json\/wp\/v2\/media?parent=1641"}],"curies":[{"name":"wp","href":"https:\/\/api.w.org\/{rel}","templated":true}]}}