{"id":25884,"date":"2023-11-20T14:29:28","date_gmt":"2023-11-20T14:29:28","guid":{"rendered":"https:\/\/www.horecaexpodz.com\/?page_id=25884"},"modified":"2026-03-17T15:13:42","modified_gmt":"2026-03-17T15:13:42","slug":"design-pour-exposants","status":"publish","type":"page","link":"https:\/\/www.horecaexpodz.com\/fr\/design-pour-exposants\/","title":{"rendered":"Design pour exposants"},"content":{"rendered":"\t\t<div data-elementor-type=\"wp-page\" data-elementor-id=\"25884\" class=\"elementor elementor-25884\" data-elementor-post-type=\"page\">\n\t\t\t\t\t\t<section class=\"elementor-section elementor-top-section elementor-element elementor-element-038cd84 elementor-section-full_width elementor-section-height-default elementor-section-height-default\" data-id=\"038cd84\" data-element_type=\"section\" data-settings=\"{&quot;background_background&quot;:&quot;classic&quot;}\">\n\t\t\t\t\t\t<div class=\"elementor-container elementor-column-gap-default\">\n\t\t\t\t\t<div class=\"elementor-column elementor-col-50 elementor-top-column elementor-element elementor-element-431af01\" data-id=\"431af01\" data-element_type=\"column\">\n\t\t\t<div class=\"elementor-widget-wrap elementor-element-populated\">\n\t\t\t\t\t\t<div class=\"elementor-element elementor-element-d99ede2 elementor-widget elementor-widget-image\" data-id=\"d99ede2\" data-element_type=\"widget\" data-widget_type=\"image.default\">\n\t\t\t\t<div class=\"elementor-widget-container\">\n\t\t\t\t\t\t\t\t\t\t\t\t\t\t\t<img decoding=\"async\" src=\"https:\/\/easyfairsassets.com\/sites\/247\/elementor\/thumbs\/IMG_0817-r64qkmqcg0zb523j8munre2mxm3qcp37oze59j3kxk.jpg\" title=\"IMG_0817\" alt=\"IMG_0817\" loading=\"lazy\" \/>\t\t\t\t\t\t\t\t\t\t\t\t\t\t\t<\/div>\n\t\t\t\t<\/div>\n\t\t\t\t\t<\/div>\n\t\t<\/div>\n\t\t\t\t<div class=\"elementor-column elementor-col-50 elementor-top-column elementor-element elementor-element-3376784\" data-id=\"3376784\" data-element_type=\"column\">\n\t\t\t<div class=\"elementor-widget-wrap elementor-element-populated\">\n\t\t\t\t\t\t<div class=\"elementor-element elementor-element-c529221 elementor-widget elementor-widget-heading\" data-id=\"c529221\" data-element_type=\"widget\" data-widget_type=\"heading.default\">\n\t\t\t\t<div class=\"elementor-widget-container\">\n\t\t\t\t\t<h1 class=\"elementor-heading-title elementor-size-default\">\u00c9l\u00e9ments marketing pour les exposants<\/h1>\t\t\t\t<\/div>\n\t\t\t\t<\/div>\n\t\t\t\t<div class=\"elementor-element elementor-element-f086212 elementor-widget elementor-widget-text-editor\" data-id=\"f086212\" data-element_type=\"widget\" data-widget_type=\"text-editor.default\">\n\t\t\t\t<div class=\"elementor-widget-container\">\n\t\t\t\t\t\t\t\t\t<p><span style=\"color: #ffffff;\">Horeca Expo Alg\u00e9rie met \u00e0 votre disposition des logos et des banni\u00e8res avec diff\u00e9rentes dimensions pour que vous puissiez partager votre participation \u00e0 l&rsquo;\u00e9v\u00e8nement.<\/span><\/p>\t\t\t\t\t\t\t\t<\/div>\n\t\t\t\t<\/div>\n\t\t\t\t\t<\/div>\n\t\t<\/div>\n\t\t\t\t\t<\/div>\n\t\t<\/section>\n\t\t\t\t<section class=\"elementor-section elementor-top-section elementor-element elementor-element-b68b85d elementor-section-boxed elementor-section-height-default elementor-section-height-default\" data-id=\"b68b85d\" data-element_type=\"section\">\n\t\t\t\t\t\t<div class=\"elementor-container elementor-column-gap-default\">\n\t\t\t\t\t<div class=\"elementor-column elementor-col-100 elementor-top-column elementor-element elementor-element-75c3b02\" data-id=\"75c3b02\" data-element_type=\"column\">\n\t\t\t<div class=\"elementor-widget-wrap elementor-element-populated\">\n\t\t\t\t\t\t<div class=\"elementor-element elementor-element-62cbda4 elementor-widget elementor-widget-heading\" data-id=\"62cbda4\" data-element_type=\"widget\" data-widget_type=\"heading.default\">\n\t\t\t\t<div class=\"elementor-widget-container\">\n\t\t\t\t\t<h2 class=\"elementor-heading-title elementor-size-default\">Logos HORECA EXPO Alg\u00e9rie 2026<\/h2>\t\t\t\t<\/div>\n\t\t\t\t<\/div>\n\t\t\t\t\t<\/div>\n\t\t<\/div>\n\t\t\t\t\t<\/div>\n\t\t<\/section>\n\t\t\t\t<section class=\"elementor-section elementor-top-section elementor-element elementor-element-8504348 elementor-section-boxed elementor-section-height-default elementor-section-height-default\" data-id=\"8504348\" data-element_type=\"section\">\n\t\t\t\t\t\t<div class=\"elementor-container elementor-column-gap-default\">\n\t\t\t\t\t<div class=\"elementor-column elementor-col-20 elementor-top-column elementor-element elementor-element-dadc096\" data-id=\"dadc096\" data-element_type=\"column\">\n\t\t\t<div class=\"elementor-widget-wrap elementor-element-populated\">\n\t\t\t\t\t\t<div class=\"elementor-element elementor-element-532ea6f elementor-widget elementor-widget-image\" data-id=\"532ea6f\" data-element_type=\"widget\" data-widget_type=\"image.default\">\n\t\t\t\t<div class=\"elementor-widget-container\">\n\t\t\t\t\t\t\t\t\t\t\t\t\t\t\t<img fetchpriority=\"high\" decoding=\"async\" width=\"1920\" height=\"394\" src=\"https:\/\/easyfairsassets.com\/sites\/247\/2025\/07\/Logo-2026-04.png\" class=\"attachment-full size-full wp-image-50465\" alt=\"\" srcset=\"https:\/\/easyfairsassets.com\/sites\/247\/2025\/07\/Logo-2026-04.png 1920w, https:\/\/easyfairsassets.com\/sites\/247\/2025\/07\/Logo-2026-04-300x62.png 300w, https:\/\/easyfairsassets.com\/sites\/247\/2025\/07\/Logo-2026-04-1024x210.png 1024w, https:\/\/easyfairsassets.com\/sites\/247\/2025\/07\/Logo-2026-04-768x158.png 768w, https:\/\/easyfairsassets.com\/sites\/247\/2025\/07\/Logo-2026-04-1536x315.png 1536w\" sizes=\"(max-width: 1920px) 100vw, 1920px\" \/>\t\t\t\t\t\t\t\t\t\t\t\t\t\t\t<\/div>\n\t\t\t\t<\/div>\n\t\t\t\t\t<\/div>\n\t\t<\/div>\n\t\t\t\t<div class=\"elementor-column elementor-col-20 elementor-top-column elementor-element elementor-element-94d414d\" data-id=\"94d414d\" data-element_type=\"column\">\n\t\t\t<div class=\"elementor-widget-wrap elementor-element-populated\">\n\t\t\t\t\t\t<div class=\"elementor-element elementor-element-83ab9df elementor-widget elementor-widget-image\" data-id=\"83ab9df\" data-element_type=\"widget\" data-widget_type=\"image.default\">\n\t\t\t\t<div class=\"elementor-widget-container\">\n\t\t\t\t\t\t\t\t\t\t\t\t\t\t\t<img decoding=\"async\" width=\"1920\" height=\"394\" src=\"https:\/\/easyfairsassets.com\/sites\/247\/2025\/07\/Logo-2026-05.png\" class=\"attachment-full size-full wp-image-50468\" alt=\"\" srcset=\"https:\/\/easyfairsassets.com\/sites\/247\/2025\/07\/Logo-2026-05.png 1920w, https:\/\/easyfairsassets.com\/sites\/247\/2025\/07\/Logo-2026-05-300x62.png 300w, https:\/\/easyfairsassets.com\/sites\/247\/2025\/07\/Logo-2026-05-1024x210.png 1024w, https:\/\/easyfairsassets.com\/sites\/247\/2025\/07\/Logo-2026-05-768x158.png 768w, https:\/\/easyfairsassets.com\/sites\/247\/2025\/07\/Logo-2026-05-1536x315.png 1536w\" sizes=\"(max-width: 1920px) 100vw, 1920px\" \/>\t\t\t\t\t\t\t\t\t\t\t\t\t\t\t<\/div>\n\t\t\t\t<\/div>\n\t\t\t\t\t<\/div>\n\t\t<\/div>\n\t\t\t\t<div class=\"elementor-column elementor-col-20 elementor-top-column elementor-element elementor-element-399329f\" data-id=\"399329f\" data-element_type=\"column\">\n\t\t\t<div class=\"elementor-widget-wrap elementor-element-populated\">\n\t\t\t\t\t\t<div class=\"elementor-element elementor-element-f95ffc9 elementor-widget elementor-widget-image\" data-id=\"f95ffc9\" data-element_type=\"widget\" data-widget_type=\"image.default\">\n\t\t\t\t<div class=\"elementor-widget-container\">\n\t\t\t\t\t\t\t\t\t\t\t\t\t\t\t<img decoding=\"async\" width=\"1920\" height=\"394\" src=\"https:\/\/easyfairsassets.com\/sites\/247\/2025\/07\/Logo-2026-02.png\" class=\"attachment-full size-full wp-image-50459\" alt=\"\" srcset=\"https:\/\/easyfairsassets.com\/sites\/247\/2025\/07\/Logo-2026-02.png 1920w, https:\/\/easyfairsassets.com\/sites\/247\/2025\/07\/Logo-2026-02-300x62.png 300w, https:\/\/easyfairsassets.com\/sites\/247\/2025\/07\/Logo-2026-02-1024x210.png 1024w, https:\/\/easyfairsassets.com\/sites\/247\/2025\/07\/Logo-2026-02-768x158.png 768w, https:\/\/easyfairsassets.com\/sites\/247\/2025\/07\/Logo-2026-02-1536x315.png 1536w\" sizes=\"(max-width: 1920px) 100vw, 1920px\" \/>\t\t\t\t\t\t\t\t\t\t\t\t\t\t\t<\/div>\n\t\t\t\t<\/div>\n\t\t\t\t\t<\/div>\n\t\t<\/div>\n\t\t\t\t<div class=\"elementor-column elementor-col-20 elementor-top-column elementor-element elementor-element-d89a560\" data-id=\"d89a560\" data-element_type=\"column\">\n\t\t\t<div class=\"elementor-widget-wrap elementor-element-populated\">\n\t\t\t\t\t\t<div class=\"elementor-element elementor-element-a557342 elementor-widget elementor-widget-image\" data-id=\"a557342\" data-element_type=\"widget\" data-widget_type=\"image.default\">\n\t\t\t\t<div class=\"elementor-widget-container\">\n\t\t\t\t\t\t\t\t\t\t\t\t\t\t\t<img loading=\"lazy\" decoding=\"async\" width=\"1920\" height=\"394\" src=\"https:\/\/easyfairsassets.com\/sites\/247\/2025\/07\/Logo-2026-01.png\" class=\"attachment-full size-full wp-image-50456\" alt=\"\" srcset=\"https:\/\/easyfairsassets.com\/sites\/247\/2025\/07\/Logo-2026-01.png 1920w, https:\/\/easyfairsassets.com\/sites\/247\/2025\/07\/Logo-2026-01-300x62.png 300w, https:\/\/easyfairsassets.com\/sites\/247\/2025\/07\/Logo-2026-01-1024x210.png 1024w, https:\/\/easyfairsassets.com\/sites\/247\/2025\/07\/Logo-2026-01-768x158.png 768w, https:\/\/easyfairsassets.com\/sites\/247\/2025\/07\/Logo-2026-01-1536x315.png 1536w\" sizes=\"(max-width: 1920px) 100vw, 1920px\" \/>\t\t\t\t\t\t\t\t\t\t\t\t\t\t\t<\/div>\n\t\t\t\t<\/div>\n\t\t\t\t\t<\/div>\n\t\t<\/div>\n\t\t\t\t<div class=\"elementor-column elementor-col-20 elementor-top-column elementor-element elementor-element-5d4c664\" data-id=\"5d4c664\" data-element_type=\"column\">\n\t\t\t<div class=\"elementor-widget-wrap elementor-element-populated\">\n\t\t\t\t\t\t<div class=\"elementor-element elementor-element-af1560d elementor-widget elementor-widget-image\" data-id=\"af1560d\" data-element_type=\"widget\" data-widget_type=\"image.default\">\n\t\t\t\t<div class=\"elementor-widget-container\">\n\t\t\t\t\t\t\t\t\t\t\t\t\t\t\t<img loading=\"lazy\" decoding=\"async\" width=\"800\" height=\"178\" src=\"https:\/\/easyfairsassets.com\/sites\/247\/2024\/07\/HorecaExpo2025_white-and-no-Dates_FR-1024x228.png\" class=\"attachment-large size-large wp-image-36285\" alt=\"\" srcset=\"https:\/\/easyfairsassets.com\/sites\/247\/2024\/07\/HorecaExpo2025_white-and-no-Dates_FR-1024x228.png 1024w, https:\/\/easyfairsassets.com\/sites\/247\/2024\/07\/HorecaExpo2025_white-and-no-Dates_FR-300x67.png 300w, https:\/\/easyfairsassets.com\/sites\/247\/2024\/07\/HorecaExpo2025_white-and-no-Dates_FR-768x171.png 768w, https:\/\/easyfairsassets.com\/sites\/247\/2024\/07\/HorecaExpo2025_white-and-no-Dates_FR.png 1200w\" sizes=\"(max-width: 800px) 100vw, 800px\" \/>\t\t\t\t\t\t\t\t\t\t\t\t\t\t\t<\/div>\n\t\t\t\t<\/div>\n\t\t\t\t\t<\/div>\n\t\t<\/div>\n\t\t\t\t\t<\/div>\n\t\t<\/section>\n\t\t\t\t<section class=\"elementor-section elementor-top-section elementor-element elementor-element-ace246f elementor-hidden-desktop elementor-hidden-tablet elementor-hidden-mobile elementor-section-boxed elementor-section-height-default elementor-section-height-default\" data-id=\"ace246f\" data-element_type=\"section\">\n\t\t\t\t\t\t<div class=\"elementor-container elementor-column-gap-default\">\n\t\t\t\t\t<div class=\"elementor-column elementor-col-100 elementor-top-column elementor-element elementor-element-7d171cc\" data-id=\"7d171cc\" data-element_type=\"column\">\n\t\t\t<div class=\"elementor-widget-wrap elementor-element-populated\">\n\t\t\t\t\t\t<div class=\"elementor-element elementor-element-ab65ad6 elementor-widget elementor-widget-heading\" data-id=\"ab65ad6\" data-element_type=\"widget\" data-widget_type=\"heading.default\">\n\t\t\t\t<div class=\"elementor-widget-container\">\n\t\t\t\t\t<h2 class=\"elementor-heading-title elementor-size-default\">Banni\u00e8res Horeca Expo Alg\u00e9rie <\/h2>\t\t\t\t<\/div>\n\t\t\t\t<\/div>\n\t\t\t\t\t<\/div>\n\t\t<\/div>\n\t\t\t\t\t<\/div>\n\t\t<\/section>\n\t\t\t\t<section class=\"elementor-section elementor-top-section elementor-element elementor-element-7aac153 elementor-hidden-desktop elementor-hidden-tablet elementor-hidden-mobile elementor-section-boxed elementor-section-height-default elementor-section-height-default\" data-id=\"7aac153\" data-element_type=\"section\">\n\t\t\t\t\t\t<div class=\"elementor-container elementor-column-gap-default\">\n\t\t\t\t\t<div class=\"elementor-column elementor-col-33 elementor-top-column elementor-element elementor-element-5d94ffb\" data-id=\"5d94ffb\" data-element_type=\"column\">\n\t\t\t<div class=\"elementor-widget-wrap elementor-element-populated\">\n\t\t\t\t\t\t<div class=\"elementor-element elementor-element-5331b1c elementor-widget elementor-widget-image\" data-id=\"5331b1c\" data-element_type=\"widget\" data-widget_type=\"image.default\">\n\t\t\t\t<div class=\"elementor-widget-container\">\n\t\t\t\t\t\t\t\t\t\t\t\t\t\t\t<img loading=\"lazy\" decoding=\"async\" width=\"800\" height=\"316\" src=\"https:\/\/easyfairsassets.com\/sites\/247\/2024\/07\/HOR25_PPC_FR_800-x-315.jpg\" class=\"attachment-large size-large wp-image-36473\" alt=\"\" srcset=\"https:\/\/easyfairsassets.com\/sites\/247\/2024\/07\/HOR25_PPC_FR_800-x-315.jpg 800w, https:\/\/easyfairsassets.com\/sites\/247\/2024\/07\/HOR25_PPC_FR_800-x-315-300x119.jpg 300w, https:\/\/easyfairsassets.com\/sites\/247\/2024\/07\/HOR25_PPC_FR_800-x-315-768x303.jpg 768w\" sizes=\"(max-width: 800px) 100vw, 800px\" \/>\t\t\t\t\t\t\t\t\t\t\t\t\t\t\t<\/div>\n\t\t\t\t<\/div>\n\t\t\t\t<div class=\"elementor-element elementor-element-ada01fe elementor-widget elementor-widget-text-editor\" data-id=\"ada01fe\" data-element_type=\"widget\" data-widget_type=\"text-editor.default\">\n\t\t\t\t<div class=\"elementor-widget-container\">\n\t\t\t\t\t\t\t\t\t<p><strong>800 px x 315 px<\/strong><\/p>\t\t\t\t\t\t\t\t<\/div>\n\t\t\t\t<\/div>\n\t\t\t\t\t<\/div>\n\t\t<\/div>\n\t\t\t\t<div class=\"elementor-column elementor-col-33 elementor-top-column elementor-element elementor-element-4c5c6e2\" data-id=\"4c5c6e2\" data-element_type=\"column\">\n\t\t\t<div class=\"elementor-widget-wrap elementor-element-populated\">\n\t\t\t\t\t\t<div class=\"elementor-element elementor-element-f24b12a elementor-widget elementor-widget-image\" data-id=\"f24b12a\" data-element_type=\"widget\" data-widget_type=\"image.default\">\n\t\t\t\t<div class=\"elementor-widget-container\">\n\t\t\t\t\t\t\t\t\t\t\t\t\t\t\t<img loading=\"lazy\" decoding=\"async\" width=\"800\" height=\"419\" src=\"https:\/\/easyfairsassets.com\/sites\/247\/2024\/07\/1200x628-1024x536.jpg\" class=\"attachment-large size-large wp-image-36288\" alt=\"\" srcset=\"https:\/\/easyfairsassets.com\/sites\/247\/2024\/07\/1200x628-1024x536.jpg 1024w, https:\/\/easyfairsassets.com\/sites\/247\/2024\/07\/1200x628-300x157.jpg 300w, https:\/\/easyfairsassets.com\/sites\/247\/2024\/07\/1200x628-768x402.jpg 768w, https:\/\/easyfairsassets.com\/sites\/247\/2024\/07\/1200x628.jpg 1200w\" sizes=\"(max-width: 800px) 100vw, 800px\" \/>\t\t\t\t\t\t\t\t\t\t\t\t\t\t\t<\/div>\n\t\t\t\t<\/div>\n\t\t\t\t<section class=\"elementor-section elementor-inner-section elementor-element elementor-element-e016fba elementor-section-boxed elementor-section-height-default elementor-section-height-default\" data-id=\"e016fba\" data-element_type=\"section\">\n\t\t\t\t\t\t<div class=\"elementor-container elementor-column-gap-default\">\n\t\t\t\t\t<div class=\"elementor-column elementor-col-100 elementor-inner-column elementor-element elementor-element-3bac02f\" data-id=\"3bac02f\" data-element_type=\"column\">\n\t\t\t<div class=\"elementor-widget-wrap elementor-element-populated\">\n\t\t\t\t\t\t<div class=\"elementor-element elementor-element-748dc39 elementor-widget elementor-widget-text-editor\" data-id=\"748dc39\" data-element_type=\"widget\" data-widget_type=\"text-editor.default\">\n\t\t\t\t<div class=\"elementor-widget-container\">\n\t\t\t\t\t\t\t\t\t<p><strong>1200px x 628 px<\/strong><\/p>\t\t\t\t\t\t\t\t<\/div>\n\t\t\t\t<\/div>\n\t\t\t\t\t<\/div>\n\t\t<\/div>\n\t\t\t\t\t<\/div>\n\t\t<\/section>\n\t\t\t\t\t<\/div>\n\t\t<\/div>\n\t\t\t\t<div class=\"elementor-column elementor-col-33 elementor-top-column elementor-element elementor-element-dfac6bc\" data-id=\"dfac6bc\" data-element_type=\"column\">\n\t\t\t<div class=\"elementor-widget-wrap elementor-element-populated\">\n\t\t\t\t\t\t<div class=\"elementor-element elementor-element-3f68952 elementor-widget elementor-widget-image\" data-id=\"3f68952\" data-element_type=\"widget\" data-widget_type=\"image.default\">\n\t\t\t\t<div class=\"elementor-widget-container\">\n\t\t\t\t\t\t\t\t\t\t\t\t\t\t\t<img loading=\"lazy\" decoding=\"async\" width=\"800\" height=\"800\" src=\"https:\/\/easyfairsassets.com\/sites\/247\/2024\/07\/1080-x-1080-1024x1024.jpg\" class=\"attachment-large size-large wp-image-36298\" alt=\"\" srcset=\"https:\/\/easyfairsassets.com\/sites\/247\/2024\/07\/1080-x-1080-1024x1024.jpg 1024w, https:\/\/easyfairsassets.com\/sites\/247\/2024\/07\/1080-x-1080-300x300.jpg 300w, https:\/\/easyfairsassets.com\/sites\/247\/2024\/07\/1080-x-1080-150x150.jpg 150w, https:\/\/easyfairsassets.com\/sites\/247\/2024\/07\/1080-x-1080-768x768.jpg 768w, https:\/\/easyfairsassets.com\/sites\/247\/2024\/07\/1080-x-1080.jpg 1080w\" sizes=\"(max-width: 800px) 100vw, 800px\" \/>\t\t\t\t\t\t\t\t\t\t\t\t\t\t\t<\/div>\n\t\t\t\t<\/div>\n\t\t\t\t<div class=\"elementor-element elementor-element-48087fe elementor-widget elementor-widget-text-editor\" data-id=\"48087fe\" data-element_type=\"widget\" data-widget_type=\"text-editor.default\">\n\t\t\t\t<div class=\"elementor-widget-container\">\n\t\t\t\t\t\t\t\t\t<p><strong>1080px x 1080px<\/strong><\/p>\t\t\t\t\t\t\t\t<\/div>\n\t\t\t\t<\/div>\n\t\t\t\t\t<\/div>\n\t\t<\/div>\n\t\t\t\t\t<\/div>\n\t\t<\/section>\n\t\t\t\t<section class=\"elementor-section elementor-top-section elementor-element elementor-element-e47ef6c elementor-hidden-desktop elementor-hidden-tablet elementor-hidden-mobile elementor-section-boxed elementor-section-height-default elementor-section-height-default\" data-id=\"e47ef6c\" data-element_type=\"section\">\n\t\t\t\t\t\t<div class=\"elementor-container elementor-column-gap-default\">\n\t\t\t\t\t<div class=\"elementor-column elementor-col-33 elementor-top-column elementor-element elementor-element-69e6d25\" data-id=\"69e6d25\" data-element_type=\"column\">\n\t\t\t<div class=\"elementor-widget-wrap elementor-element-populated\">\n\t\t\t\t\t\t<div class=\"elementor-element elementor-element-8b19040 elementor-widget elementor-widget-image\" data-id=\"8b19040\" data-element_type=\"widget\" data-widget_type=\"image.default\">\n\t\t\t\t<div class=\"elementor-widget-container\">\n\t\t\t\t\t\t\t\t\t\t\t\t\t\t\t<img loading=\"lazy\" decoding=\"async\" width=\"601\" height=\"316\" src=\"https:\/\/easyfairsassets.com\/sites\/247\/2024\/07\/HOR25_PPC_FR_600-x-315.jpg\" class=\"attachment-large size-large wp-image-36467\" alt=\"\" srcset=\"https:\/\/easyfairsassets.com\/sites\/247\/2024\/07\/HOR25_PPC_FR_600-x-315.jpg 601w, https:\/\/easyfairsassets.com\/sites\/247\/2024\/07\/HOR25_PPC_FR_600-x-315-300x158.jpg 300w\" sizes=\"(max-width: 601px) 100vw, 601px\" \/>\t\t\t\t\t\t\t\t\t\t\t\t\t\t\t<\/div>\n\t\t\t\t<\/div>\n\t\t\t\t<div class=\"elementor-element elementor-element-0a85944 elementor-widget elementor-widget-text-editor\" data-id=\"0a85944\" data-element_type=\"widget\" data-widget_type=\"text-editor.default\">\n\t\t\t\t<div class=\"elementor-widget-container\">\n\t\t\t\t\t\t\t\t\t<p><strong>600 px x 315 px<\/strong><\/p>\t\t\t\t\t\t\t\t<\/div>\n\t\t\t\t<\/div>\n\t\t\t\t\t<\/div>\n\t\t<\/div>\n\t\t\t\t<div class=\"elementor-column elementor-col-33 elementor-top-column elementor-element elementor-element-4961a95\" data-id=\"4961a95\" data-element_type=\"column\">\n\t\t\t<div class=\"elementor-widget-wrap elementor-element-populated\">\n\t\t\t\t\t\t<div class=\"elementor-element elementor-element-e1610c4 elementor-widget elementor-widget-image\" data-id=\"e1610c4\" data-element_type=\"widget\" data-widget_type=\"image.default\">\n\t\t\t\t<div class=\"elementor-widget-container\">\n\t\t\t\t\t\t\t\t\t\t\t\t\t\t\t<img loading=\"lazy\" decoding=\"async\" width=\"501\" height=\"182\" src=\"https:\/\/easyfairsassets.com\/sites\/247\/2024\/07\/HOR25_PPC_FR_500-x-262.jpg\" class=\"attachment-large size-large wp-image-36464\" alt=\"\" srcset=\"https:\/\/easyfairsassets.com\/sites\/247\/2024\/07\/HOR25_PPC_FR_500-x-262.jpg 501w, https:\/\/easyfairsassets.com\/sites\/247\/2024\/07\/HOR25_PPC_FR_500-x-262-300x109.jpg 300w\" sizes=\"(max-width: 501px) 100vw, 501px\" \/>\t\t\t\t\t\t\t\t\t\t\t\t\t\t\t<\/div>\n\t\t\t\t<\/div>\n\t\t\t\t<div class=\"elementor-element elementor-element-9f96457 elementor-widget elementor-widget-text-editor\" data-id=\"9f96457\" data-element_type=\"widget\" data-widget_type=\"text-editor.default\">\n\t\t\t\t<div class=\"elementor-widget-container\">\n\t\t\t\t\t\t\t\t\t<p><strong>500 px x 262 px<\/strong><\/p>\t\t\t\t\t\t\t\t<\/div>\n\t\t\t\t<\/div>\n\t\t\t\t\t<\/div>\n\t\t<\/div>\n\t\t\t\t<div class=\"elementor-column elementor-col-33 elementor-top-column elementor-element elementor-element-eb08948\" data-id=\"eb08948\" data-element_type=\"column\">\n\t\t\t<div class=\"elementor-widget-wrap elementor-element-populated\">\n\t\t\t\t\t\t<div class=\"elementor-element elementor-element-ae68194 elementor-widget elementor-widget-image\" data-id=\"ae68194\" data-element_type=\"widget\" data-widget_type=\"image.default\">\n\t\t\t\t<div class=\"elementor-widget-container\">\n\t\t\t\t\t\t\t\t\t\t\t\t\t\t\t<img loading=\"lazy\" decoding=\"async\" width=\"250\" height=\"251\" src=\"https:\/\/easyfairsassets.com\/sites\/247\/2024\/07\/HOR25_PPC_FR_250-x-250.jpg\" class=\"attachment-large size-large wp-image-36461\" alt=\"\" srcset=\"https:\/\/easyfairsassets.com\/sites\/247\/2024\/07\/HOR25_PPC_FR_250-x-250.jpg 250w, https:\/\/easyfairsassets.com\/sites\/247\/2024\/07\/HOR25_PPC_FR_250-x-250-150x150.jpg 150w\" sizes=\"(max-width: 250px) 100vw, 250px\" \/>\t\t\t\t\t\t\t\t\t\t\t\t\t\t\t<\/div>\n\t\t\t\t<\/div>\n\t\t\t\t<div class=\"elementor-element elementor-element-1aa67bc elementor-widget elementor-widget-text-editor\" data-id=\"1aa67bc\" data-element_type=\"widget\" data-widget_type=\"text-editor.default\">\n\t\t\t\t<div class=\"elementor-widget-container\">\n\t\t\t\t\t\t\t\t\t<p><strong>250 px x 250 px<\/strong><\/p>\t\t\t\t\t\t\t\t<\/div>\n\t\t\t\t<\/div>\n\t\t\t\t\t<\/div>\n\t\t<\/div>\n\t\t\t\t\t<\/div>\n\t\t<\/section>\n\t\t\t\t<\/div>\n\t\t","protected":false},"excerpt":{"rendered":"<p>\u00c9l\u00e9ments marketing pour les exposants Horeca Expo Alg\u00e9rie met \u00e0 votre disposition des logos et des banni\u00e8res avec diff\u00e9rentes dimensions pour que vous puissiez partager votre participation \u00e0 l&rsquo;\u00e9v\u00e8nement. Logos HORECA EXPO Alg\u00e9rie 2026 Banni\u00e8res Horeca Expo Alg\u00e9rie 800 px x 315 px 1200px x 628 px 1080px x 1080px 600 px x 315 px [&hellip;]<\/p>\n","protected":false},"author":968,"featured_media":0,"parent":0,"menu_order":0,"comment_status":"closed","ping_status":"closed","template":"","meta":{"_seopress_robots_primary_cat":"","_seopress_titles_title":"Logos et banni\u00e8res pour exposants","_seopress_titles_desc":"Des logos et des banni\u00e8res \u00e0 votre disposition pour partager votre participation \u00e0 Horeca Expo Alg\u00e9rie 2025","_seopress_robots_index":"","footnotes":""},"class_list":["post-25884","page","type-page","status-publish","hentry"],"_links":{"self":[{"href":"https:\/\/www.horecaexpodz.com\/fr\/wp-json\/wp\/v2\/pages\/25884","targetHints":{"allow":["GET"]}}],"collection":[{"href":"https:\/\/www.horecaexpodz.com\/fr\/wp-json\/wp\/v2\/pages"}],"about":[{"href":"https:\/\/www.horecaexpodz.com\/fr\/wp-json\/wp\/v2\/types\/page"}],"author":[{"embeddable":true,"href":"https:\/\/www.horecaexpodz.com\/fr\/wp-json\/wp\/v2\/users\/968"}],"replies":[{"embeddable":true,"href":"https:\/\/www.horecaexpodz.com\/fr\/wp-json\/wp\/v2\/comments?post=25884"}],"version-history":[{"count":5,"href":"https:\/\/www.horecaexpodz.com\/fr\/wp-json\/wp\/v2\/pages\/25884\/revisions"}],"predecessor-version":[{"id":57506,"href":"https:\/\/www.horecaexpodz.com\/fr\/wp-json\/wp\/v2\/pages\/25884\/revisions\/57506"}],"wp:attachment":[{"href":"https:\/\/www.horecaexpodz.com\/fr\/wp-json\/wp\/v2\/media?parent=25884"}],"curies":[{"name":"wp","href":"https:\/\/api.w.org\/{rel}","templated":true}]}}