{"id":56054,"date":"2025-12-23T15:38:01","date_gmt":"2025-12-23T15:38:01","guid":{"rendered":"https:\/\/www.horecaexpodz.com\/?page_id=56054"},"modified":"2026-01-04T09:57:19","modified_gmt":"2026-01-04T09:57:19","slug":"coffee-culture-algerian-style","status":"publish","type":"page","link":"https:\/\/www.horecaexpodz.com\/fr\/coffee-culture-algerian-style\/","title":{"rendered":"Coffee Culture, Algerian Style"},"content":{"rendered":"\t\t<div data-elementor-type=\"wp-page\" data-elementor-id=\"56054\" class=\"elementor elementor-56054\" data-elementor-post-type=\"page\">\n\t\t\t\t\t\t<section class=\"elementor-section elementor-top-section elementor-element elementor-element-2938a1d7 elementor-section-full_width elementor-section-height-default elementor-section-height-default\" data-id=\"2938a1d7\" data-element_type=\"section\" data-settings=\"{&quot;background_background&quot;:&quot;classic&quot;}\">\n\t\t\t\t\t\t\t<div class=\"elementor-background-overlay\"><\/div>\n\t\t\t\t\t\t\t<div class=\"elementor-container elementor-column-gap-default\">\n\t\t\t\t\t<div class=\"elementor-column elementor-col-50 elementor-top-column elementor-element elementor-element-42580496\" data-id=\"42580496\" data-element_type=\"column\">\n\t\t\t<div class=\"elementor-widget-wrap elementor-element-populated\">\n\t\t\t\t\t\t<div class=\"elementor-element elementor-element-61b89a47 elementor-invisible elementor-widget elementor-widget-heading\" data-id=\"61b89a47\" data-element_type=\"widget\" data-settings=\"{&quot;_animation&quot;:&quot;slideInUp&quot;}\" data-widget_type=\"heading.default\">\n\t\t\t\t<div class=\"elementor-widget-container\">\n\t\t\t\t\t<h2 class=\"elementor-heading-title elementor-size-default\">Coffee Culture, Algerian Style<\/h2>\t\t\t\t<\/div>\n\t\t\t\t<\/div>\n\t\t\t\t<div class=\"elementor-element elementor-element-a1ff5ee elementor-invisible elementor-widget elementor-widget-text-editor\" data-id=\"a1ff5ee\" data-element_type=\"widget\" data-settings=\"{&quot;_animation&quot;:&quot;slideInUp&quot;}\" data-widget_type=\"text-editor.default\">\n\t\t\t\t<div class=\"elementor-widget-container\">\n\t\t\t\t\t\t\t\t\t<p>Ce panel du salon Horeca Expo explore la \u00ab coffee culture \u00bb \u00e0 l\u2019alg\u00e9rienne, entre caf\u00e9s de quartier, nouveaux coffee shops, sp\u00e9cialit\u00e9s locales et tendances internationales.<\/p>\t\t\t\t\t\t\t\t<\/div>\n\t\t\t\t<\/div>\n\t\t\t\t<div class=\"elementor-element elementor-element-3b99d232 elementor-align-left elementor-widget elementor-widget-dynamic-button\" data-id=\"3b99d232\" data-element_type=\"widget\" data-widget_type=\"dynamic-button.default\">\n\t\t\t\t<div class=\"elementor-widget-container\">\n\t\t\t\t\t        <div class=\"elementor-button-wrapper\">\n            <a href=\"https:\/\/register.visitcloud.com\/survey\/2fhwyboalftd3%20\" target=\"_blank\" class=\"elementor-button-link elementor-button elementor-size-sm elementor-animation-grow\" role=\"button\">\n                        <span class=\"elementor-button-content-wrapper\">\n\t\t\t                <span class=\"elementor-button-icon elementor-align-icon-right\">\n\t\t\t\t<i aria-hidden=\"true\" class=\"fas fa-arrow-right\"><\/i>\t\t\t<\/span>\n            \t\t\t<span class=\"elementor-button-text\">INSCRIPTION GRATUITE<\/span>\n\t\t<\/span>\n                    <\/a>\n        <\/div>\n        \t\t\t\t<\/div>\n\t\t\t\t<\/div>\n\t\t\t\t\t<\/div>\n\t\t<\/div>\n\t\t\t\t<div class=\"elementor-column elementor-col-50 elementor-top-column elementor-element elementor-element-62100790\" data-id=\"62100790\" data-element_type=\"column\">\n\t\t\t<div class=\"elementor-widget-wrap\">\n\t\t\t\t\t\t\t<\/div>\n\t\t<\/div>\n\t\t\t\t\t<\/div>\n\t\t<\/section>\n\t\t\t\t<section class=\"elementor-section elementor-top-section elementor-element elementor-element-78da443e elementor-section-full_width elementor-section-height-default elementor-section-height-default\" data-id=\"78da443e\" data-element_type=\"section\">\n\t\t\t\t\t\t<div class=\"elementor-container elementor-column-gap-default\">\n\t\t\t\t\t<div class=\"elementor-column elementor-col-100 elementor-top-column elementor-element elementor-element-41fcb3f7\" data-id=\"41fcb3f7\" data-element_type=\"column\">\n\t\t\t<div class=\"elementor-widget-wrap elementor-element-populated\">\n\t\t\t\t\t\t<div class=\"elementor-element elementor-element-76b57e9 premium-ticker-pointer-yes premium-post-ticker__layout-1 elementor-widget elementor-widget-premium-post-ticker\" data-id=\"76b57e9\" data-element_type=\"widget\" data-widget_type=\"premium-post-ticker.default\">\n\t\t\t\t<div class=\"elementor-widget-container\">\n\t\t\t\t\t\t\t\t<div class=\"premium-post-ticker__outer-wrapper premium-post-ticker__hidden \" data-ticker-settings=\"{&quot;layout&quot;:&quot;layout-1&quot;,&quot;typing&quot;:false,&quot;fade&quot;:false,&quot;arrows&quot;:false,&quot;infinite&quot;:true,&quot;autoPlay&quot;:true,&quot;vertical&quot;:false,&quot;speed&quot;:1500,&quot;slidesToShow&quot;:null,&quot;pauseOnHover&quot;:true,&quot;animation&quot;:&quot;&quot;,&quot;shouldBeRtl&quot;:false,&quot;autoplaySpeed&quot;:null}\">\r\n\t\t\t\t\t\t\t\t\t\r\n\t\t\t\t\t<div class=\"premium-post-ticker__content\">\r\n\t\t\t\t\t\t\t\t<div class=\"premium-post-ticker__title-wrapper\">\r\n\t\t\t\r\n\t\t\t<h4 class=\"premium-post-ticker__title\"> PANEL  <\/h4>\r\n\t\t<\/div>\r\n\t\t\r\n\t\t\t\t\t\t<div dir=\"ltr\" class=\"premium-post-ticker__posts-wrapper\">\r\n\t\t\t\t\t\t\t\t\t\t<div class=\"premium-post-ticker__post-wrapper elementor-repeater-item-0297fca animated \">\r\n\t\t\t\t<div class=\"premium-post-ticker__post-title\">\r\n\t\t\t\t\t<a >\r\n\t\t\t\t\t\tHORECA\t\t\t\t\t<\/a>\r\n\t\t\t\t<\/div>\r\n\t\t\t\t\t\t\t\t\t\t\t\t\t<div class=\"premium-post-ticker__separator\"><\/div>\r\n\t\t\t\t\t\t\t<\/div>\r\n\t\t\t\t\t\t<div class=\"premium-post-ticker__post-wrapper elementor-repeater-item-b4d8378 animated \">\r\n\t\t\t\t<div class=\"premium-post-ticker__post-title\">\r\n\t\t\t\t\t<a >\r\n\t\t\t\t\t\tPANEL\t\t\t\t\t<\/a>\r\n\t\t\t\t<\/div>\r\n\t\t\t\t\t\t\t\t\t\t\t\t\t<div class=\"premium-post-ticker__separator\"><\/div>\r\n\t\t\t\t\t\t\t<\/div>\r\n\t\t\t\t\t\t<div class=\"premium-post-ticker__post-wrapper elementor-repeater-item-9b3a4da animated \">\r\n\t\t\t\t<div class=\"premium-post-ticker__post-title\">\r\n\t\t\t\t\t<a >\r\n\t\t\t\t\t\tINTERVENANTS\t\t\t\t\t<\/a>\r\n\t\t\t\t<\/div>\r\n\t\t\t\t\t\t\t\t\t\t\t\t\t<div class=\"premium-post-ticker__separator\"><\/div>\r\n\t\t\t\t\t\t\t<\/div>\r\n\t\t\t\t\t\t<div class=\"premium-post-ticker__post-wrapper elementor-repeater-item-161d758 animated \">\r\n\t\t\t\t<div class=\"premium-post-ticker__post-title\">\r\n\t\t\t\t\t<a >\r\n\t\t\t\t\t\tBARISTA\t\t\t\t\t<\/a>\r\n\t\t\t\t<\/div>\r\n\t\t\t\t\t\t\t\t\t\t\t\t\t<div class=\"premium-post-ticker__separator\"><\/div>\r\n\t\t\t\t\t\t\t<\/div>\r\n\t\t\t\t\t\t<div class=\"premium-post-ticker__post-wrapper elementor-repeater-item-c190449 animated \">\r\n\t\t\t\t<div class=\"premium-post-ticker__post-title\">\r\n\t\t\t\t\t<a >\r\n\t\t\t\t\t\tCOFFEE\t\t\t\t\t<\/a>\r\n\t\t\t\t<\/div>\r\n\t\t\t\t\t\t\t\t\t\t\t\t\t<div class=\"premium-post-ticker__separator\"><\/div>\r\n\t\t\t\t\t\t\t<\/div>\r\n\t\t\t\t\t\t<div class=\"premium-post-ticker__post-wrapper elementor-repeater-item-ec0cb67 animated \">\r\n\t\t\t\t<div class=\"premium-post-ticker__post-title\">\r\n\t\t\t\t\t<a >\r\n\t\t\t\t\t\tPROFESSIONNEL\t\t\t\t\t<\/a>\r\n\t\t\t\t<\/div>\r\n\t\t\t\t\t\t\t\t\t\t\t\t\t<div class=\"premium-post-ticker__separator\"><\/div>\r\n\t\t\t\t\t\t\t<\/div>\r\n\t\t\t\t\t\t<div class=\"premium-post-ticker__post-wrapper elementor-repeater-item-ab18b47 animated \">\r\n\t\t\t\t<div class=\"premium-post-ticker__post-title\">\r\n\t\t\t\t\t<a >\r\n\t\t\t\t\t\tDISCUSSIONS\t\t\t\t\t<\/a>\r\n\t\t\t\t<\/div>\r\n\t\t\t\t\t\t\t\t\t\t\t\t\t<div class=\"premium-post-ticker__separator\"><\/div>\r\n\t\t\t\t\t\t\t<\/div>\r\n\t\t\t\t\t\t<div class=\"premium-post-ticker__post-wrapper elementor-repeater-item-e9bc455 animated \">\r\n\t\t\t\t<div class=\"premium-post-ticker__post-title\">\r\n\t\t\t\t\t<a >\r\n\t\t\t\t\t\tCULTURE\t\t\t\t\t<\/a>\r\n\t\t\t\t<\/div>\r\n\t\t\t\t\t\t\t\t\t\t\t\t\t<div class=\"premium-post-ticker__separator\"><\/div>\r\n\t\t\t\t\t\t\t<\/div>\r\n\t\t\t\t\t\t<div class=\"premium-post-ticker__post-wrapper elementor-repeater-item-f7f633d animated \">\r\n\t\t\t\t<div class=\"premium-post-ticker__post-title\">\r\n\t\t\t\t\t<a >\r\n\t\t\t\t\t\tSTYLE\t\t\t\t\t<\/a>\r\n\t\t\t\t<\/div>\r\n\t\t\t\t\t\t\t\t\t\t\t\t\t<div class=\"premium-post-ticker__separator\"><\/div>\r\n\t\t\t\t\t\t\t<\/div>\r\n\t\t\t\t\t\t\t\t\t<\/div>\r\n\r\n\t\t\t\t\t\t\t\t\t\t\t<\/div>\r\n\t\t\t\t\t\t\t<\/div>\r\n\t\t\t\t\t\t<\/div>\n\t\t\t\t<\/div>\n\t\t\t\t<div class=\"elementor-element elementor-element-af5c62b elementor-widget elementor-widget-spacer\" data-id=\"af5c62b\" data-element_type=\"widget\" data-widget_type=\"spacer.default\">\n\t\t\t\t<div class=\"elementor-widget-container\">\n\t\t\t\t\t\t\t<div class=\"elementor-spacer\">\n\t\t\t<div class=\"elementor-spacer-inner\"><\/div>\n\t\t<\/div>\n\t\t\t\t\t\t<\/div>\n\t\t\t\t<\/div>\n\t\t\t\t\t<\/div>\n\t\t<\/div>\n\t\t\t\t\t<\/div>\n\t\t<\/section>\n\t\t\t\t<section class=\"elementor-section elementor-top-section elementor-element elementor-element-7b448c5 elementor-section-full_width elementor-section-height-default elementor-section-height-default\" data-id=\"7b448c5\" data-element_type=\"section\">\n\t\t\t\t\t\t<div class=\"elementor-container elementor-column-gap-default\">\n\t\t\t\t\t<div class=\"elementor-column elementor-col-100 elementor-top-column elementor-element elementor-element-21ae458\" data-id=\"21ae458\" data-element_type=\"column\">\n\t\t\t<div class=\"elementor-widget-wrap elementor-element-populated\">\n\t\t\t\t\t\t<div class=\"elementor-element elementor-element-a96e98e elementor-widget elementor-widget-heading\" data-id=\"a96e98e\" data-element_type=\"widget\" data-widget_type=\"heading.default\">\n\t\t\t\t<div class=\"elementor-widget-container\">\n\t\t\t\t\t<h3 class=\"elementor-heading-title elementor-size-default\">Jeudi 22 Janvier 2026 | Heure : 10:30 - 12:00<\/h3>\t\t\t\t<\/div>\n\t\t\t\t<\/div>\n\t\t\t\t\t<\/div>\n\t\t<\/div>\n\t\t\t\t\t<\/div>\n\t\t<\/section>\n\t\t\t\t<section class=\"elementor-section elementor-top-section elementor-element elementor-element-4e2bb24f elementor-section-full_width elementor-section-height-default elementor-section-height-default\" data-id=\"4e2bb24f\" data-element_type=\"section\" data-settings=\"{&quot;background_background&quot;:&quot;classic&quot;}\">\n\t\t\t\t\t\t<div class=\"elementor-container elementor-column-gap-default\">\n\t\t\t\t\t<div class=\"elementor-column elementor-col-33 elementor-top-column elementor-element elementor-element-35ea5278\" data-id=\"35ea5278\" data-element_type=\"column\" data-settings=\"{&quot;background_background&quot;:&quot;classic&quot;}\">\n\t\t\t<div class=\"elementor-widget-wrap elementor-element-populated\">\n\t\t\t\t\t\t<div class=\"elementor-element elementor-element-12153980 elementor-widget elementor-widget-heading\" data-id=\"12153980\" data-element_type=\"widget\" data-widget_type=\"heading.default\">\n\t\t\t\t<div class=\"elementor-widget-container\">\n\t\t\t\t\t<h2 class=\"elementor-heading-title elementor-size-default\">Quand la tradition du caf\u00e9 rencontre les nouveaux concepts<\/h2>\t\t\t\t<\/div>\n\t\t\t\t<\/div>\n\t\t\t\t<div class=\"elementor-element elementor-element-d9995a8 elementor-widget-divider--view-line elementor-widget elementor-widget-divider\" data-id=\"d9995a8\" data-element_type=\"widget\" data-widget_type=\"divider.default\">\n\t\t\t\t<div class=\"elementor-widget-container\">\n\t\t\t\t\t\t\t<div class=\"elementor-divider\">\n\t\t\t<span class=\"elementor-divider-separator\">\n\t\t\t\t\t\t<\/span>\n\t\t<\/div>\n\t\t\t\t\t\t<\/div>\n\t\t\t\t<\/div>\n\t\t\t\t<div class=\"elementor-element elementor-element-1f25f5a8 elementor-widget elementor-widget-text-editor\" data-id=\"1f25f5a8\" data-element_type=\"widget\" data-widget_type=\"text-editor.default\">\n\t\t\t\t<div class=\"elementor-widget-container\">\n\t\t\t\t\t\t\t\t\t<p>Des caf\u00e9s populaires aux coffee shops modernes, la sc\u00e8ne caf\u00e9 en Alg\u00e9rie est en pleine transformation. Les consommateurs d\u00e9couvrent les caf\u00e9s de sp\u00e9cialit\u00e9, les m\u00e9thodes douces, les boissons signatures\u2026 tout en restant attach\u00e9s aux codes et aux habitudes locales.<br \/>Un \u00e9change riche entre tradition, innovation et entrepreneuriat.<\/p>\t\t\t\t\t\t\t\t<\/div>\n\t\t\t\t<\/div>\n\t\t\t\t<div class=\"elementor-element elementor-element-945f1c3 elementor-invisible elementor-widget elementor-widget-dynamic-button\" data-id=\"945f1c3\" data-element_type=\"widget\" data-settings=\"{&quot;_animation&quot;:&quot;fadeInRight&quot;}\" data-widget_type=\"dynamic-button.default\">\n\t\t\t\t<div class=\"elementor-widget-container\">\n\t\t\t\t\t        <div class=\"elementor-button-wrapper\">\n            <a href=\"https:\/\/register.visitcloud.com\/survey\/2fhwyboalftd3%20\" target=\"_blank\" class=\"elementor-button-link elementor-button elementor-size-xs\" role=\"button\">\n                        <span class=\"elementor-button-content-wrapper\">\n\t\t\t                <span class=\"elementor-button-icon elementor-align-icon-right\">\n\t\t\t\t<i aria-hidden=\"true\" class=\"fas fa-arrow-circle-right\"><\/i>\t\t\t<\/span>\n            \t\t\t<span class=\"elementor-button-text\">INSCRIPTION VISITEUR<\/span>\n\t\t<\/span>\n                    <\/a>\n        <\/div>\n        \t\t\t\t<\/div>\n\t\t\t\t<\/div>\n\t\t\t\t\t<\/div>\n\t\t<\/div>\n\t\t\t\t<div class=\"elementor-column elementor-col-66 elementor-top-column elementor-element elementor-element-15eae8a8\" data-id=\"15eae8a8\" data-element_type=\"column\" data-settings=\"{&quot;background_background&quot;:&quot;classic&quot;,&quot;motion_fx_motion_fx_scrolling&quot;:&quot;yes&quot;,&quot;motion_fx_translateY_effect&quot;:&quot;yes&quot;,&quot;motion_fx_translateY_affectedRange&quot;:{&quot;unit&quot;:&quot;%&quot;,&quot;size&quot;:&quot;&quot;,&quot;sizes&quot;:{&quot;start&quot;:31,&quot;end&quot;:72}},&quot;motion_fx_translateY_speed&quot;:{&quot;unit&quot;:&quot;px&quot;,&quot;size&quot;:4,&quot;sizes&quot;:[]},&quot;motion_fx_devices&quot;:[&quot;desktop&quot;,&quot;tablet&quot;,&quot;mobile&quot;]}\">\n\t\t\t<div class=\"elementor-widget-wrap\">\n\t\t\t\t\t\t\t<\/div>\n\t\t<\/div>\n\t\t\t\t\t<\/div>\n\t\t<\/section>\n\t\t\t\t<section class=\"elementor-section elementor-top-section elementor-element elementor-element-5e453b1a elementor-section-full_width elementor-section-height-default elementor-section-height-default\" data-id=\"5e453b1a\" data-element_type=\"section\">\n\t\t\t\t\t\t<div class=\"elementor-container elementor-column-gap-default\">\n\t\t\t\t\t<div class=\"elementor-column elementor-col-100 elementor-top-column elementor-element elementor-element-615aaaec\" data-id=\"615aaaec\" data-element_type=\"column\" data-settings=\"{&quot;background_background&quot;:&quot;classic&quot;}\">\n\t\t\t<div class=\"elementor-widget-wrap elementor-element-populated\">\n\t\t\t\t\t\t<div class=\"elementor-element elementor-element-f7f6e92 elementor-widget elementor-widget-heading\" data-id=\"f7f6e92\" data-element_type=\"widget\" data-widget_type=\"heading.default\">\n\t\t\t\t<div class=\"elementor-widget-container\">\n\t\t\t\t\t<h2 class=\"elementor-heading-title elementor-size-large\">Les Participants du Panels<\/h2>\t\t\t\t<\/div>\n\t\t\t\t<\/div>\n\t\t\t\t<div class=\"elementor-element elementor-element-7e6e2c46 elementor-widget elementor-widget-premium-addon-person\" data-id=\"7e6e2c46\" data-element_type=\"widget\" data-settings=\"{&quot;persons_per_row_tablet&quot;:&quot;33.33%&quot;,&quot;persons_per_row&quot;:&quot;33.33%&quot;,&quot;persons_per_row_mobile&quot;:&quot;100%&quot;}\" data-widget_type=\"premium-addon-person.default\">\n\t\t\t\t<div class=\"elementor-widget-container\">\n\t\t\t\t\t\t\t<div class=\"premium-persons-container premium-person-style2 multiple-persons\" data-persons-equal=\"\">\r\n\t\t\t\t\t\t\t\t<div class=\"premium-person-container premium-person-zoomin-effect\">\r\n\t\t\t\t\t\t<div class=\"premium-person-image-container\">\r\n\t\t\t\t\t\t<img decoding=\"async\" src=\"https:\/\/easyfairsassets.com\/sites\/247\/elementor\/thumbs\/476640608_122105243144758843_809067596002428003_n-rh5js0yyktzh2y8pa6g703m6jv6lvn8u8b6mmawlu0.jpg\" title=\"476640608_122105243144758843_809067596002428003_n\" alt=\"476640608_122105243144758843_809067596002428003_n\" loading=\"lazy\" \/>\t\t\t\t\t\t\t\t\t\t\t\t\t<\/div>\r\n\t\t\t\t\t\t<div class=\"premium-person-info\">\r\n\t\t\t\t\t\t\t\t\t\t<div class=\"premium-person-info-container\">\r\n\t\t\t\t\t\t\t\t\t<h2 class=\"premium-person-name\">Tala Coffee Shop<\/h2>\r\n\t\t\t\t\t\t\t\t<\/div>\r\n\t\t\t\t\t\t\t\t\t<\/div>\r\n\t\t\t\t\t<\/div>\r\n\t\t\t\t\t\t\t\t\t\t<div class=\"premium-person-container premium-person-zoomin-effect\">\r\n\t\t\t\t\t\t<div class=\"premium-person-image-container\">\r\n\t\t\t\t\t\t<img decoding=\"async\" src=\"https:\/\/easyfairsassets.com\/sites\/247\/elementor\/thumbs\/16d13dfd-4df6-4a41-a8af-d8da8c06b8a2-rh5jyz012rhqv85iq6iyfciskcy8r4tfuops9wlvuw.jpg\" title=\"Workflow: {}\" alt=\"Workflow: {}\" loading=\"lazy\" \/>\t\t\t\t\t\t\t\t\t\t\t\t\t<\/div>\r\n\t\t\t\t\t\t<div class=\"premium-person-info\">\r\n\t\t\t\t\t\t\t\t\t\t<div class=\"premium-person-info-container\">\r\n\t\t\t\t\t\t\t\t\t<h2 class=\"premium-person-name\">Librosia Caf\u00e9<\/h2>\r\n\t\t\t\t\t\t\t\t<\/div>\r\n\t\t\t\t\t\t\t\t\t<\/div>\r\n\t\t\t\t\t<\/div>\r\n\t\t\t\t\t\t\t\t\t\t<div class=\"premium-person-container premium-person-zoomin-effect\">\r\n\t\t\t\t\t\t<div class=\"premium-person-image-container\">\r\n\t\t\t\t\t\t<img decoding=\"async\" src=\"https:\/\/easyfairsassets.com\/sites\/247\/elementor\/thumbs\/64fb94ef-976a-408f-a19d-921022cc4366-rh5l73j9wrwbw823296gh7nshjgk3lzt938dbj6jrc.jpg\" title=\"Workflow: {}\" alt=\"Workflow: {}\" loading=\"lazy\" \/>\t\t\t\t\t\t\t\t\t\t\t\t\t<\/div>\r\n\t\t\t\t\t\t<div class=\"premium-person-info\">\r\n\t\t\t\t\t\t\t\t\t\t<div class=\"premium-person-info-container\">\r\n\t\t\t\t\t\t\t\t\t<h2 class=\"premium-person-name\">Speacup<\/h2>\r\n\t\t\t\t\t\t\t\t<\/div>\r\n\t\t\t\t\t\t\t\t\t<\/div>\r\n\t\t\t\t\t<\/div>\r\n\t\t\t\t\t\t\t<\/div>\r\n\t\t\t\t\t\t<\/div>\n\t\t\t\t<\/div>\n\t\t\t\t\t<\/div>\n\t\t<\/div>\n\t\t\t\t\t<\/div>\n\t\t<\/section>\n\t\t\t\t<\/div>\n\t\t","protected":false},"excerpt":{"rendered":"<p>Coffee Culture, Algerian Style Ce panel du salon Horeca Expo explore la \u00ab coffee culture \u00bb \u00e0 l\u2019alg\u00e9rienne, entre caf\u00e9s de quartier, nouveaux coffee shops, sp\u00e9cialit\u00e9s locales et tendances internationales. INSCRIPTION GRATUITE PANEL HORECA PANEL INTERVENANTS BARISTA COFFEE PROFESSIONNEL DISCUSSIONS CULTURE STYLE Jeudi 22 Janvier 2026 | Heure : 10:30 &#8211; 12:00 Quand la tradition [&hellip;]<\/p>\n","protected":false},"author":968,"featured_media":0,"parent":0,"menu_order":0,"comment_status":"closed","ping_status":"closed","template":"","meta":{"_seopress_robots_primary_cat":"","_seopress_titles_title":"Coffee Culture, Algerian Style \u2013 Panel Horeca Expo","_seopress_titles_desc":"D\u00e9couvrez la culture du caf\u00e9 en Alg\u00e9rie : rituels, concepts, tendances et business models lors du panel \u00ab Coffee Culture, Algerian Style \u00bb \u00e0 Horeca Expo.","_seopress_robots_index":"","footnotes":""},"class_list":["post-56054","page","type-page","status-publish","hentry"],"_links":{"self":[{"href":"https:\/\/www.horecaexpodz.com\/fr\/wp-json\/wp\/v2\/pages\/56054","targetHints":{"allow":["GET"]}}],"collection":[{"href":"https:\/\/www.horecaexpodz.com\/fr\/wp-json\/wp\/v2\/pages"}],"about":[{"href":"https:\/\/www.horecaexpodz.com\/fr\/wp-json\/wp\/v2\/types\/page"}],"author":[{"embeddable":true,"href":"https:\/\/www.horecaexpodz.com\/fr\/wp-json\/wp\/v2\/users\/968"}],"replies":[{"embeddable":true,"href":"https:\/\/www.horecaexpodz.com\/fr\/wp-json\/wp\/v2\/comments?post=56054"}],"version-history":[{"count":5,"href":"https:\/\/www.horecaexpodz.com\/fr\/wp-json\/wp\/v2\/pages\/56054\/revisions"}],"predecessor-version":[{"id":56379,"href":"https:\/\/www.horecaexpodz.com\/fr\/wp-json\/wp\/v2\/pages\/56054\/revisions\/56379"}],"wp:attachment":[{"href":"https:\/\/www.horecaexpodz.com\/fr\/wp-json\/wp\/v2\/media?parent=56054"}],"curies":[{"name":"wp","href":"https:\/\/api.w.org\/{rel}","templated":true}]}}